{"id":1005,"date":"2020-05-07T16:12:11","date_gmt":"2020-05-07T16:12:11","guid":{"rendered":"https:\/\/casadonacarmela.com\/?page_id=1005"},"modified":"2022-09-29T17:12:56","modified_gmt":"2022-09-29T16:12:56","slug":"objetivo-0-residuos","status":"publish","type":"page","link":"https:\/\/casadonacarmela.com\/it\/objetivo-0-residuos","title":{"rendered":"Obiettivo \u201c0 Rifiuti\u201d."},"content":{"rendered":"<div class=\"wp-block-image\">\r\n<figure class=\"aligncenter size-large is-resized\"><img loading=\"lazy\" decoding=\"async\" class=\"size-medium wp-image-2345 aligncenter\" src=\"https:\/\/casadonacarmela.com\/wp-content\/uploads\/2022\/09\/zero-waste-300x300.jpg\" alt=\"\" width=\"300\" height=\"300\" srcset=\"https:\/\/casadonacarmela.com\/wp-content\/uploads\/2022\/09\/zero-waste-300x300.jpg 300w, https:\/\/casadonacarmela.com\/wp-content\/uploads\/2022\/09\/zero-waste-80x80.jpg 80w, https:\/\/casadonacarmela.com\/wp-content\/uploads\/2022\/09\/zero-waste-12x12.jpg 12w, https:\/\/casadonacarmela.com\/wp-content\/uploads\/2022\/09\/zero-waste-36x36.jpg 36w, https:\/\/casadonacarmela.com\/wp-content\/uploads\/2022\/09\/zero-waste-180x180.jpg 180w, https:\/\/casadonacarmela.com\/wp-content\/uploads\/2022\/09\/zero-waste.jpg 612w\" sizes=\"auto, (max-width: 300px) 100vw, 300px\" \/><\/figure>\r\n<\/div>\r\n\r\n\r\n\r\n<p class=\"has-text-align-center\"><strong>LE NOSTRE CREDENZE FONDAMENTALI EI VALORI PI\u00d9 IMPORTANTI<\/strong><\/p>\r\n\r\n\r\n\r\n<p>\u00bf<strong>Chi siamo?<\/strong><\/p>\r\n\r\n\r\n\r\n<p>Casa Do\u00f1a Carmela \u00e8 un progetto pilota che segue modelli di sviluppo economico incentrati sulla sostenibilit\u00e0 e sulla cura dell&#039;Ambiente. La nostra attenzione \u00e8 rivolta all&#039;economia circolare, a Km 0, al commercio equo e al rispetto per le persone con l&#039;ambizione di non produrre rifiuti mentre fanno impresa:<\/p>\r\n\r\n\r\n\r\n<p>\u00bf<strong>Cosa facciamo?<\/strong><\/p>\r\n\r\n\r\n\r\n<p class=\"translation-block\"><strong data-rich-text-format-boundary=\"true\">Riutilizzare, Riciclare, Recuperare e Ridurre<\/strong> sono gli assi verso cui guidiamo tutte le azioni che coinvolgono i nostri clienti, i fornitori e tutto il nostro ambiente. La nostra consapevolezza ambientale \u00e8 a 360\u00ba; Ci siamo impegnati a includere questo impegno nella nostra gestione aziendale sin dalla nostra fondazione nell\u2019aprile 2017.<\/p>\r\n\r\n\r\n\r\n<p>\u00bf<strong>Come lo facciamo?<\/strong><\/p>\r\n\r\n\r\n\r\n<p class=\"has-text-align-center\"><strong>L&#039;ECONOMIA CIRCOLARE DELLA DECORAZIONE E DELLA CONOSCENZA: UN&#039;ALTRA VITA PER MOBILI E LIBRI.<\/strong><\/p>\r\n\r\n\r\n\r\n<p>Il 95% di tutta la decorazione della casa proviene da mobili gi\u00e0 esistenti; ulizziamo sempre  ci\u00f2 che esiste prima di acquistare qualcosa di nuovo. &nbsp;<\/p>\r\n\r\n\r\n\r\n<p>Una biblioteca con quasi 1.000 libri, in varie lingue, recuperati tra i nostri amici, vicini di casa e che si arricchisce anche ogni giorno grazie ai nostri ospiti che li invitano a lasciare i loro libri quando hanno finito.<\/p>\r\n\r\n\r\n\r\n<p><strong>ACQUISTI LOCALI: I BENEFICI AMBIENTALI ED ECONOMICI DEI CONSUMI A KM 0<\/strong><\/p>\r\n\r\n\r\n\r\n<p>A Casa Do\u00f1a Carmela siamo molto coinvolti con il nostro ambiente: la comunit\u00e0, i fornitori e l&#039;ambiente; per questo motivo assumiamo e promuoviamo modelli di consumo pi\u00f9 responsabili come il commercio locale. I nostri ospiti avranno la possibilit\u00e0 di degustare prodotti locali e conoscere il lavoro artistico del nostro artigiano.<\/p>\r\n\r\n\r\n\r\n<div class=\"wp-block-image\">\r\n<figure class=\"aligncenter size-large is-resized\"><img loading=\"lazy\" decoding=\"async\" class=\"wp-image-2356 aligncenter\" src=\"https:\/\/casadonacarmela.com\/wp-content\/uploads\/2022\/09\/LOGOCANARIO2-300x289.png\" alt=\"\" width=\"185\" height=\"178\" srcset=\"https:\/\/casadonacarmela.com\/wp-content\/uploads\/2022\/09\/LOGOCANARIO2-300x289.png 300w, https:\/\/casadonacarmela.com\/wp-content\/uploads\/2022\/09\/LOGOCANARIO2-12x12.png 12w, https:\/\/casadonacarmela.com\/wp-content\/uploads\/2022\/09\/LOGOCANARIO2-36x36.png 36w, https:\/\/casadonacarmela.com\/wp-content\/uploads\/2022\/09\/LOGOCANARIO2.png 672w\" sizes=\"auto, (max-width: 185px) 100vw, 185px\" \/><\/figure>\r\n<\/div>\r\n\r\n\r\n\r\n<p class=\"has-text-align-center\">#yocomprocanario<\/p>\r\n\r\n\r\n\r\n<p>Vi ricordiamo che la nostra missione \u00e8 sostenere l&#039;economia locale. Per questo motivo, vogliamo offrirti il privilegio di incontrare una selezione di artisti, designer e artigiani locali. Seguendo la nostra premessa di sostenibilit\u00e0 e responsabilit\u00e0. Tutti i prodotti sono pezzi unici che provengono da materiale di scarto.<\/p>\r\n<p>Ti offriamo anche la possibilit\u00e0 di visitare gli studi dei nostri artisti per avere una conoscenza pi\u00f9 approfondita di ci\u00f2 che stai acquistando.<br><br><\/p>\r\n<p style=\"text-align: center;\"><em>Chiedici maggiori informazioni.<\/em><\/p>","protected":false},"excerpt":{"rendered":"<p>NUESTRAS CREENCIAS FUNDAMENTALES Y LOS VALORES M\u00c1S IMPORTANTES \u00bfQui\u00e9nes Somos? Casa Do\u00f1a Carmela es un proyecto piloto que sigue modelos de desarrollo econ\u00f3micos enfocados en la sostenibilidad y al cuidado del Medio Ambiente. Nuestra atenci\u00f3n se dirige hacia la econom\u00eda circular, Km 0, al comercio justo y&nbsp; el respeto a las personas con la ambici\u00f3n [&hellip;]<\/p>\n","protected":false},"author":3,"featured_media":0,"parent":0,"menu_order":0,"comment_status":"closed","ping_status":"closed","template":"","meta":{"_joinchat":[],"footnotes":""},"class_list":["post-1005","page","type-page","status-publish","hentry"],"_links":{"self":[{"href":"https:\/\/casadonacarmela.com\/it\/wp-json\/wp\/v2\/pages\/1005","targetHints":{"allow":["GET"]}}],"collection":[{"href":"https:\/\/casadonacarmela.com\/it\/wp-json\/wp\/v2\/pages"}],"about":[{"href":"https:\/\/casadonacarmela.com\/it\/wp-json\/wp\/v2\/types\/page"}],"author":[{"embeddable":true,"href":"https:\/\/casadonacarmela.com\/it\/wp-json\/wp\/v2\/users\/3"}],"replies":[{"embeddable":true,"href":"https:\/\/casadonacarmela.com\/it\/wp-json\/wp\/v2\/comments?post=1005"}],"version-history":[{"count":1,"href":"https:\/\/casadonacarmela.com\/it\/wp-json\/wp\/v2\/pages\/1005\/revisions"}],"predecessor-version":[{"id":2523,"href":"https:\/\/casadonacarmela.com\/it\/wp-json\/wp\/v2\/pages\/1005\/revisions\/2523"}],"wp:attachment":[{"href":"https:\/\/casadonacarmela.com\/it\/wp-json\/wp\/v2\/media?parent=1005"}],"curies":[{"name":"wp","href":"https:\/\/api.w.org\/{rel}","templated":true}]}}