{"id":1507,"date":"2020-08-04T07:25:45","date_gmt":"2020-08-04T07:25:45","guid":{"rendered":"https:\/\/casadonacarmela.com\/?page_id=1507"},"modified":"2026-05-02T17:34:59","modified_gmt":"2026-05-02T16:34:59","slug":"maison-dona-carmela","status":"publish","type":"page","link":"https:\/\/casadonacarmela.com\/fr\/casa-dona-carmela","title":{"rendered":"Casa Do\u00f1a Carmela"},"content":{"rendered":"<style type=\"text\/css\" data-created_by=\"avia_inline_auto\" id=\"style-css-av-1rcc7n-4adaddbfde60586d46d39a34536bf3b5\">\n.flex_column.av-1rcc7n-4adaddbfde60586d46d39a34536bf3b5{\n-webkit-border-radius:0px 0px 0px 0px;\n-moz-border-radius:0px 0px 0px 0px;\nborder-radius:0px 0px 0px 0px;\n}\n<\/style>\n<div class='flex_column av-1rcc7n-4adaddbfde60586d46d39a34536bf3b5 av_one_full  avia-builder-el-0  el_before_av_two_third  avia-builder-el-first  first flex_column_div av-zero-column-padding'     ><style type=\"text\/css\" data-created_by=\"avia_inline_auto\" id=\"style-css-av-kdfm9bmk-d2888d0388c31a9e9e3b6eb1de7ec34e\">\n.avia-accordion.av-kdfm9bmk-d2888d0388c31a9e9e3b6eb1de7ec34e{\nmax-height:684px;\n}\n.avia-accordion.av-kdfm9bmk-d2888d0388c31a9e9e3b6eb1de7ec34e .aviaccordion-preview{\nwidth:25.1%;\n}\n.avia-accordion .aviaccordion-slide.av-kdfm9bmk-d2888d0388c31a9e9e3b6eb1de7ec34e__0{\nleft:0%;\n}\n.avia-accordion .aviaccordion-slide.av-kdfm9bmk-d2888d0388c31a9e9e3b6eb1de7ec34e__1{\nleft:25%;\n}\n.avia-accordion .aviaccordion-slide.av-kdfm9bmk-d2888d0388c31a9e9e3b6eb1de7ec34e__2{\nleft:50%;\n}\n.avia-accordion .aviaccordion-slide.av-kdfm9bmk-d2888d0388c31a9e9e3b6eb1de7ec34e__3{\nleft:75%;\n}\n<\/style>\n<div  id=\"accordion_slider_1\"  class='aviaccordion avia-accordion av-kdfm9bmk-d2888d0388c31a9e9e3b6eb1de7ec34e aviaccordion-title-active av-slideshow-manual av-loop-once' data-slideshow-options=\"{&quot;interval&quot;:5,&quot;autoplay&quot;:false,&quot;loop_autoplay&quot;:&quot;once&quot;}\"  itemscope=\"itemscope\" itemtype=\"https:\/\/schema.org\/Blog\" ><ul class=\"aviaccordion-inner\"><li class='aviaccordion-slide av-kdfm9bmk-d2888d0388c31a9e9e3b6eb1de7ec34e__0 aviaccordion-slide-1' data-av-left='0'  itemscope=\"itemscope\" itemtype=\"https:\/\/schema.org\/CreativeWork\" ><a class='aviaccordion-slide-link noHover' href=\"https:\/\/casadonacarmela.com\/wp-content\/uploads\/2020\/08\/028barrio-1030x697.jpg\" data-srcset=\"https:\/\/casadonacarmela.com\/wp-content\/uploads\/2020\/08\/028barrio-1030x697.jpg 1030w, https:\/\/casadonacarmela.com\/wp-content\/uploads\/2020\/08\/028barrio-300x203.jpg 300w, https:\/\/casadonacarmela.com\/wp-content\/uploads\/2020\/08\/028barrio-768x520.jpg 768w, https:\/\/casadonacarmela.com\/wp-content\/uploads\/2020\/08\/028barrio-705x477.jpg 705w, https:\/\/casadonacarmela.com\/wp-content\/uploads\/2020\/08\/028barrio.jpg 1421w\" data-sizes=\"(max-width: 1030px) 100vw, 1030px\"  title=\"028 quartier\" ><div class='aviaccordion-preview'><div class=\"aviaccordion-preview-title-pos\"><div class=\"aviaccordion-preview-title-wrap\"><div class=\"aviaccordion-preview-title\"><h3 class='aviaccordion-title'  itemprop=\"headline\" >Quartier de Salamanque. Santa Cruz de Tenerife<\/h3><\/div><\/div><\/div><\/div><img loading=\"lazy\" decoding=\"async\" width=\"845\" height=\"684\" src=\"https:\/\/casadonacarmela.com\/wp-content\/uploads\/2020\/08\/028barrio-845x684.jpg\" class=\"aviaccordion-image\" alt=\"\" srcset=\"https:\/\/casadonacarmela.com\/wp-content\/uploads\/2020\/08\/028barrio-845x684.jpg 845w, https:\/\/casadonacarmela.com\/wp-content\/uploads\/2020\/08\/028barrio-495x400.jpg 495w\" sizes=\"auto, (max-width: 845px) 100vw, 845px\" \/><\/a><\/li><li class='aviaccordion-slide av-kdfm9bmk-d2888d0388c31a9e9e3b6eb1de7ec34e__1 aviaccordion-slide-2' data-av-left='25'  itemscope=\"itemscope\" itemtype=\"https:\/\/schema.org\/CreativeWork\" ><a class='aviaccordion-slide-link noHover' href=\"https:\/\/casadonacarmela.com\/wp-content\/uploads\/2020\/08\/003barrio-1030x741.jpg\" data-srcset=\"https:\/\/casadonacarmela.com\/wp-content\/uploads\/2020\/08\/003barrio-1030x741.jpg 1030w, https:\/\/casadonacarmela.com\/wp-content\/uploads\/2020\/08\/003barrio-300x216.jpg 300w, https:\/\/casadonacarmela.com\/wp-content\/uploads\/2020\/08\/003barrio-768x553.jpg 768w, https:\/\/casadonacarmela.com\/wp-content\/uploads\/2020\/08\/003barrio-705x507.jpg 705w, https:\/\/casadonacarmela.com\/wp-content\/uploads\/2020\/08\/003barrio.jpg 1452w\" data-sizes=\"(max-width: 1030px) 100vw, 1030px\"  title=\"003 quartier\" ><div class='aviaccordion-preview'><div class=\"aviaccordion-preview-title-pos\"><div class=\"aviaccordion-preview-title-wrap\"><div class=\"aviaccordion-preview-title\"><h3 class='aviaccordion-title'  itemprop=\"headline\" >Quartier de Salamanque. Santa Cruz de Tenerife<\/h3><\/div><\/div><\/div><\/div><img loading=\"lazy\" decoding=\"async\" width=\"845\" height=\"684\" src=\"https:\/\/casadonacarmela.com\/wp-content\/uploads\/2020\/08\/003barrio-845x684.jpg\" class=\"aviaccordion-image\" alt=\"\" srcset=\"https:\/\/casadonacarmela.com\/wp-content\/uploads\/2020\/08\/003barrio-845x684.jpg 845w, https:\/\/casadonacarmela.com\/wp-content\/uploads\/2020\/08\/003barrio-495x400.jpg 495w\" sizes=\"auto, (max-width: 845px) 100vw, 845px\" \/><\/a><\/li><li class='aviaccordion-slide av-kdfm9bmk-d2888d0388c31a9e9e3b6eb1de7ec34e__2 aviaccordion-slide-3' data-av-left='50'  itemscope=\"itemscope\" itemtype=\"https:\/\/schema.org\/CreativeWork\" ><a class='aviaccordion-slide-link noHover' href=\"https:\/\/casadonacarmela.com\/wp-content\/uploads\/2020\/08\/004barrio-1030x724.jpg\" data-srcset=\"https:\/\/casadonacarmela.com\/wp-content\/uploads\/2020\/08\/004barrio-1030x724.jpg 1030w, https:\/\/casadonacarmela.com\/wp-content\/uploads\/2020\/08\/004barrio-300x211.jpg 300w, https:\/\/casadonacarmela.com\/wp-content\/uploads\/2020\/08\/004barrio-768x540.jpg 768w, https:\/\/casadonacarmela.com\/wp-content\/uploads\/2020\/08\/004barrio-705x495.jpg 705w, https:\/\/casadonacarmela.com\/wp-content\/uploads\/2020\/08\/004barrio.jpg 1479w\" data-sizes=\"(max-width: 1030px) 100vw, 1030px\"  title=\"004 quartier\" ><div class='aviaccordion-preview'><div class=\"aviaccordion-preview-title-pos\"><div class=\"aviaccordion-preview-title-wrap\"><div class=\"aviaccordion-preview-title\"><h3 class='aviaccordion-title'  itemprop=\"headline\" >Quartier de Salamanque. Santa Cruz de Tenerife<\/h3><\/div><\/div><\/div><\/div><img loading=\"lazy\" decoding=\"async\" width=\"845\" height=\"684\" src=\"https:\/\/casadonacarmela.com\/wp-content\/uploads\/2020\/08\/004barrio-845x684.jpg\" class=\"aviaccordion-image\" alt=\"\" srcset=\"https:\/\/casadonacarmela.com\/wp-content\/uploads\/2020\/08\/004barrio-845x684.jpg 845w, https:\/\/casadonacarmela.com\/wp-content\/uploads\/2020\/08\/004barrio-495x400.jpg 495w\" sizes=\"auto, (max-width: 845px) 100vw, 845px\" \/><\/a><\/li><li class='aviaccordion-slide av-kdfm9bmk-d2888d0388c31a9e9e3b6eb1de7ec34e__3 aviaccordion-slide-4' data-av-left='75'  itemscope=\"itemscope\" itemtype=\"https:\/\/schema.org\/CreativeWork\" ><a class='aviaccordion-slide-link noHover' href=\"https:\/\/casadonacarmela.com\/wp-content\/uploads\/2020\/08\/005barrio-1030x650.jpg\" data-srcset=\"https:\/\/casadonacarmela.com\/wp-content\/uploads\/2020\/08\/005barrio-1030x650.jpg 1030w, https:\/\/casadonacarmela.com\/wp-content\/uploads\/2020\/08\/005barrio-300x189.jpg 300w, https:\/\/casadonacarmela.com\/wp-content\/uploads\/2020\/08\/005barrio-768x485.jpg 768w, https:\/\/casadonacarmela.com\/wp-content\/uploads\/2020\/08\/005barrio-1536x970.jpg 1536w, https:\/\/casadonacarmela.com\/wp-content\/uploads\/2020\/08\/005barrio-1500x947.jpg 1500w, https:\/\/casadonacarmela.com\/wp-content\/uploads\/2020\/08\/005barrio-705x445.jpg 705w, https:\/\/casadonacarmela.com\/wp-content\/uploads\/2020\/08\/005barrio.jpg 1574w\" data-sizes=\"(max-width: 1030px) 100vw, 1030px\"  title=\"005 quartier\" ><div class='aviaccordion-preview'><div class=\"aviaccordion-preview-title-pos\"><div class=\"aviaccordion-preview-title-wrap\"><div class=\"aviaccordion-preview-title\"><h3 class='aviaccordion-title'  itemprop=\"headline\" >Quartier de Salamanque. Santa Cruz de Tenerife<\/h3><\/div><\/div><\/div><\/div><img loading=\"lazy\" decoding=\"async\" width=\"845\" height=\"684\" src=\"https:\/\/casadonacarmela.com\/wp-content\/uploads\/2020\/08\/005barrio-845x684.jpg\" class=\"aviaccordion-image\" alt=\"\" srcset=\"https:\/\/casadonacarmela.com\/wp-content\/uploads\/2020\/08\/005barrio-845x684.jpg 845w, https:\/\/casadonacarmela.com\/wp-content\/uploads\/2020\/08\/005barrio-495x400.jpg 495w\" sizes=\"auto, (max-width: 845px) 100vw, 845px\" \/><\/a><\/li><\/ul><div class='aviaccordion-spacer' style='padding-bottom:80.94674556213%'><\/div><\/div><\/div>\n\n<style type=\"text\/css\" data-created_by=\"avia_inline_auto\" id=\"style-css-av-7fd5sj-557591d3030b4dd136470cd7861cd014\">\n.flex_column.av-7fd5sj-557591d3030b4dd136470cd7861cd014{\n-webkit-border-radius:0px 0px 0px 0px;\n-moz-border-radius:0px 0px 0px 0px;\nborder-radius:0px 0px 0px 0px;\n}\n<\/style>\n<div class='flex_column av-7fd5sj-557591d3030b4dd136470cd7861cd014 av_two_third  avia-builder-el-2  el_after_av_one_full  el_before_av_one_third  first flex_column_div av-zero-column-padding column-top-margin'     ><p>\n<style type=\"text\/css\" data-created_by=\"avia_inline_auto\" id=\"style-css-av-3st89f-31af434b7e9b4a5ce7a171acf87ac8fc\">\n#top .av-special-heading.av-3st89f-31af434b7e9b4a5ce7a171acf87ac8fc{\npadding-bottom:10px;\n}\nbody .av-special-heading.av-3st89f-31af434b7e9b4a5ce7a171acf87ac8fc .av-special-heading-tag .heading-char{\nfont-size:25px;\n}\n.av-special-heading.av-3st89f-31af434b7e9b4a5ce7a171acf87ac8fc .av-subheading{\nfont-size:15px;\n}\n<\/style>\n<div  class='av-special-heading av-3st89f-31af434b7e9b4a5ce7a171acf87ac8fc av-special-heading-h1  avia-builder-el-3  el_before_av_textblock  avia-builder-el-first'><h1 class='av-special-heading-tag'  itemprop=\"headline\"  >Casa Do\u00f1a Carmela<\/h1><div class=\"special-heading-border\"><div class=\"special-heading-inner-border\"><\/div><\/div><\/div><br \/>\n<section  class='av_textblock_section av-kdetrbrh-bf64595f97660c1a66287afadb8c1cbc'  itemscope=\"itemscope\" itemtype=\"https:\/\/schema.org\/CreativeWork\" ><div class='avia_textblock'  itemprop=\"text\" ><p style=\"text-align: justify;\">Casa Do\u00f1a Carmela est situ\u00e9e dans un <strong><span style=\"color: #999999;\">maison canarienne traditionnelle<\/span><\/strong> datant de 1950. Il a conserv\u00e9 sa structure, sa fa\u00e7ade et de nombreux \u00e9l\u00e9ments d&#039;origine. Il a \u00e9t\u00e9 r\u00e9nov\u00e9 en 2019 pour am\u00e9liorer le niveau de confort des chambres et des salles de bain.<\/p>\n<p style=\"text-align: justify;\">La maison offre un espace de 200 m\u00b2 r\u00e9partis sur trois \u00e9tages, en plus d&#039;un <strong><span style=\"color: #999999;\">terrasse urbaine<\/span><\/strong> 70 m\u00b2, sur deux hauteurs. Au rez-de-chauss\u00e9e se trouvent la r\u00e9ception et une cuisine de courtoisie. Les premier et deuxi\u00e8me \u00e9tages sont enti\u00e8rement d\u00e9di\u00e9s \u00e0 la <strong><span style=\"color: #999999;\">3 pi\u00e8ces<\/span><\/strong>, chacune avec sa salle de bain privative. La terrasse est meubl\u00e9e de fauteuils confortables, id\u00e9al pour lire ou travailler gr\u00e2ce \u00e0 la connexion <strong><span style=\"color: #999999;\">WIFI<\/span><\/strong> haute vitesse, disponible dans toute la maison.<\/p>\n<p style=\"text-align: justify;\">Un grand escalier ouvert relie tous les \u00e9tages \u00e0 la terrasse. Il <strong><span style=\"color: #999999;\">solarium<\/span><\/strong> Il est situ\u00e9 au sommet de la propri\u00e9t\u00e9 et est meubl\u00e9 avec des chaises longues confortables et une douche pour se rafra\u00eechir. La maison permet une d\u00e9connexion totale gr\u00e2ce \u00e0 son emplacement et une politique de <strong><span style=\"color: #999999;\">Seulment les adultes<\/span><\/strong>.<\/p>\n<\/div><\/section><\/p><\/div>\n\n<style type=\"text\/css\" data-created_by=\"avia_inline_auto\" id=\"style-css-av-5xysjn-5f7b9fea6a4e7baafc031a39e3872561\">\n.flex_column.av-5xysjn-5f7b9fea6a4e7baafc031a39e3872561{\n-webkit-border-radius:0px 0px 0px 0px;\n-moz-border-radius:0px 0px 0px 0px;\nborder-radius:0px 0px 0px 0px;\n}\n<\/style>\n<div class='flex_column av-5xysjn-5f7b9fea6a4e7baafc031a39e3872561 av_one_third  avia-builder-el-5  el_after_av_two_third  avia-builder-el-last  flex_column_div av-zero-column-padding column-top-margin'     ><p>\n<style type=\"text\/css\" data-created_by=\"avia_inline_auto\" id=\"style-css-av-38thrn-27bd1f8ddf1975f9c87c98dfc61a4c52\">\n#top .av-special-heading.av-38thrn-27bd1f8ddf1975f9c87c98dfc61a4c52{\npadding-bottom:30px;\ncolor:#666666;\n}\nbody .av-special-heading.av-38thrn-27bd1f8ddf1975f9c87c98dfc61a4c52 .av-special-heading-tag .heading-char{\nfont-size:25px;\n}\n.av-special-heading.av-38thrn-27bd1f8ddf1975f9c87c98dfc61a4c52 .special-heading-inner-border{\nborder-color:#666666;\n}\n.av-special-heading.av-38thrn-27bd1f8ddf1975f9c87c98dfc61a4c52 .av-subheading{\nfont-size:15px;\n}\n<\/style>\n<div  class='av-special-heading av-38thrn-27bd1f8ddf1975f9c87c98dfc61a4c52 av-special-heading-h4 custom-color-heading  avia-builder-el-6  el_before_av_hr  avia-builder-el-first'><h4 class='av-special-heading-tag'  itemprop=\"headline\"  >Nous avons re\u00e7u des centaines de commentaires en ligne de clients satisfaits.<\/h4><div class=\"special-heading-border\"><div class=\"special-heading-inner-border\"><\/div><\/div><\/div><br \/>\n\n<style type=\"text\/css\" data-created_by=\"avia_inline_auto\" id=\"style-css-av-kdg1og0v-b7377d78756633af61bfa3e2b7395edd\">\n#top .hr.hr-invisible.av-kdg1og0v-b7377d78756633af61bfa3e2b7395edd{\nheight:50px;\n}\n<\/style>\n<div  class='hr av-kdg1og0v-b7377d78756633af61bfa3e2b7395edd hr-invisible  avia-builder-el-7  el_after_av_heading  el_before_av_textblock'><span class='hr-inner'><span class=\"hr-inner-style\"><\/span><\/span><\/div><br \/>\n<section  class='av_textblock_section av-kdfn3bx5-2d6f137343901666224676332bc2d963'  itemscope=\"itemscope\" itemtype=\"https:\/\/schema.org\/CreativeWork\" ><div class='avia_textblock'  itemprop=\"text\" ><p style=\"text-align: justify;\">Notre maison d&#039;h\u00f4tes est <strong><span style=\"color: #999999;\">Hautement recommand\u00e9<\/span><\/strong> sur TripAdvisor, Booking.com<\/p>\n<p style=\"text-align: justify;\">La Casa Do\u00f1a Carmela est situ\u00e9e dans la partie sup\u00e9rieure du quartier de Salamanca, dans un environnement calme et d\u00e9tendu, \u00e0 seulement 10 minutes \u00e0 pied du c\u0153ur du centre-ville. Nous sommes dans un quartier anim\u00e9 avec de nombreux restaurants, caf\u00e9s et boutiques.<\/p>\n<p style=\"text-align: justify;\">Nous pouvons vous aider avec des informations touristiques, notre guide est fourni <strong><span style=\"color: #999999;\">Histoire de Santa Cruz<\/span><\/strong>, avec toutes les cartes et conseils. Nous pouvons \u00e9galement imprimer vos billets et stocker vos bagages.<\/p>\n<\/div><\/section><\/p><\/div>","protected":false},"excerpt":{"rendered":"","protected":false},"author":3,"featured_media":0,"parent":0,"menu_order":0,"comment_status":"closed","ping_status":"closed","template":"","meta":{"_joinchat":[],"footnotes":""},"class_list":["post-1507","page","type-page","status-publish","hentry"],"_links":{"self":[{"href":"https:\/\/casadonacarmela.com\/fr\/wp-json\/wp\/v2\/pages\/1507","targetHints":{"allow":["GET"]}}],"collection":[{"href":"https:\/\/casadonacarmela.com\/fr\/wp-json\/wp\/v2\/pages"}],"about":[{"href":"https:\/\/casadonacarmela.com\/fr\/wp-json\/wp\/v2\/types\/page"}],"author":[{"embeddable":true,"href":"https:\/\/casadonacarmela.com\/fr\/wp-json\/wp\/v2\/users\/3"}],"replies":[{"embeddable":true,"href":"https:\/\/casadonacarmela.com\/fr\/wp-json\/wp\/v2\/comments?post=1507"}],"version-history":[{"count":4,"href":"https:\/\/casadonacarmela.com\/fr\/wp-json\/wp\/v2\/pages\/1507\/revisions"}],"predecessor-version":[{"id":2467,"href":"https:\/\/casadonacarmela.com\/fr\/wp-json\/wp\/v2\/pages\/1507\/revisions\/2467"}],"wp:attachment":[{"href":"https:\/\/casadonacarmela.com\/fr\/wp-json\/wp\/v2\/media?parent=1507"}],"curies":[{"name":"wp","href":"https:\/\/api.w.org\/{rel}","templated":true}]}}