{"id":1146,"date":"2020-05-16T16:38:32","date_gmt":"2020-05-16T15:38:32","guid":{"rendered":"https:\/\/casadonacarmela.com\/?page_id=1146"},"modified":"2022-11-18T18:40:17","modified_gmt":"2022-11-18T18:40:17","slug":"la-ciudad","status":"publish","type":"page","link":"https:\/\/casadonacarmela.com\/fr\/la-ciudad","title":{"rendered":"La ville et Anaga"},"content":{"rendered":"<div id='full_slider_1'  class='avia-fullwidth-slider main_color avia-shadow   avia-builder-el-0  el_before_av_one_third  avia-builder-el-first   container_wrap fullsize'  ><div  class='avia-slideshow av-kdg2avq7-dc7d4dd35affc226dd9dfaa84ce34e78 avia-slideshow-featured av_slideshow_full avia-slide-slider av-slideshow-ui av-control-default av-slideshow-autoplay av-loop-endless av-loop-manual-endless av-default-height-applied   avia-slideshow-1' data-slideshow-options=\"{&quot;animation&quot;:&quot;slide&quot;,&quot;autoplay&quot;:true,&quot;loop_autoplay&quot;:&quot;endless&quot;,&quot;interval&quot;:4,&quot;loop_manual&quot;:&quot;manual-endless&quot;,&quot;autoplay_stopper&quot;:false,&quot;noNavigation&quot;:false,&quot;bg_slider&quot;:false,&quot;keep_padding&quot;:false,&quot;hoverpause&quot;:false,&quot;show_slide_delay&quot;:0}\"  itemprop=\"image\" itemscope=\"itemscope\" itemtype=\"https:\/\/schema.org\/ImageObject\" ><ul class='avia-slideshow-inner' style='padding-bottom: 58.108108108108%;'><li  class='avia-slideshow-slide av-kdg2avq7-dc7d4dd35affc226dd9dfaa84ce34e78__6  slide-1 slide-odd'><div data-rel='slideshow-1' class='avia-slide-wrap'   ><img decoding=\"async\" class=\"wp-image-2448 avia-img-lazy-loading-not-2448\"  src=\"https:\/\/casadonacarmela.com\/wp-content\/uploads\/2022\/11\/1658308050_tenerife-740x430.jpg\" width=\"740\" height=\"430\" title='1658308050_tenerife' alt=''  itemprop=\"thumbnailUrl\"  style='min-height:400px; min-width:689px; ' \/><\/div><\/li><li  class='avia-slideshow-slide av-kdg2avq7-dc7d4dd35affc226dd9dfaa84ce34e78__7  slide-2 slide-even'><div data-rel='slideshow-1' class='avia-slide-wrap'   ><img decoding=\"async\" class=\"wp-image-2438 avia-img-lazy-loading-not-2438\"  src=\"https:\/\/casadonacarmela.com\/wp-content\/uploads\/2022\/11\/concepcion-santa-cruz-1000x430.jpg\" width=\"1000\" height=\"430\" title='Santa,Cruz,De,Tenerife,,Canary,\u00celes,,Espagne,-,Concepcion,\u00c9glise,' alt=''  itemprop=\"thumbnailUrl\"  style='min-height:400px; min-width:931px; ' \/><\/div><\/li><li  class='avia-slideshow-slide av-kdg2avq7-dc7d4dd35affc226dd9dfaa84ce34e78__8  slide-3 slide-odd'><div data-rel='slideshow-1' class='avia-slide-wrap'   ><img decoding=\"async\" class=\"wp-image-2439 avia-img-lazy-loading-not-2439\"  src=\"https:\/\/casadonacarmela.com\/wp-content\/uploads\/2022\/11\/santa-cruz-1000x430.jpg\" width=\"1000\" height=\"430\" title='Cityscape,De,Santa,Cruz,De,Tenerife.,Canaries,\u00eeles,,Espagne' alt=''  itemprop=\"thumbnailUrl\"  style='min-height:400px; min-width:931px; ' \/><\/div><\/li><li  class='avia-slideshow-slide av-kdg2avq7-dc7d4dd35affc226dd9dfaa84ce34e78__9  slide-4 slide-even'><div data-rel='slideshow-1' class='avia-slide-wrap'   ><img decoding=\"async\" class=\"wp-image-2440 avia-img-lazy-loading-not-2440\"  src=\"https:\/\/casadonacarmela.com\/wp-content\/uploads\/2022\/11\/calle-castillo-1000x430.jpg\" width=\"1000\" height=\"430\" title='Avril 2014, Santa, Cruz, Ceci, Est, Castillo, Street, Dans, Santa' alt=''  itemprop=\"thumbnailUrl\"  style='min-height:400px; min-width:931px; ' \/><\/div><\/li><li  class='avia-slideshow-slide av-kdg2avq7-dc7d4dd35affc226dd9dfaa84ce34e78__10  slide-5 slide-odd'><div data-rel='slideshow-1' class='avia-slide-wrap'   ><img decoding=\"async\" class=\"wp-image-2441 avia-img-lazy-loading-not-2441\"  src=\"https:\/\/casadonacarmela.com\/wp-content\/uploads\/2022\/11\/edificio-santa-cruz-1000x430.jpg\" width=\"1000\" height=\"430\" title='Santa,Cruz,De,Tenerife,,Canaries,Iles,,Espagne,-,D\u00e9cembre,11,' alt=''  itemprop=\"thumbnailUrl\"  style='min-height:400px; min-width:931px; ' \/><\/div><\/li><li  class='avia-slideshow-slide av-kdg2avq7-dc7d4dd35affc226dd9dfaa84ce34e78__11  slide-6 slide-even'><div data-rel='slideshow-1' class='avia-slide-wrap'   ><img decoding=\"async\" class=\"wp-image-2442 avia-img-lazy-loading-not-2442\"  src=\"https:\/\/casadonacarmela.com\/wp-content\/uploads\/2022\/11\/plaza-espana-2-1000x430.jpg\" width=\"1000\" height=\"430\" title='Santa,Cruz,De,Tenerife,,Canaries,Iles,,Espagne,-,D\u00e9cembre,11,' alt=''  itemprop=\"thumbnailUrl\"  style='min-height:400px; min-width:931px; ' \/><\/div><\/li><li  class='avia-slideshow-slide av-kdg2avq7-dc7d4dd35affc226dd9dfaa84ce34e78__12  slide-7 slide-odd'><div data-rel='slideshow-1' class='avia-slide-wrap'   ><img decoding=\"async\" class=\"wp-image-2417 avia-img-lazy-loading-not-2417\"  src=\"https:\/\/casadonacarmela.com\/wp-content\/uploads\/2022\/11\/Castillo-de-San-Juan-Bautista-un-lugar-que-visitar-en-Santa-Cruz-de-Tenerife.jpg-900x430.webp\" width=\"900\" height=\"430\" title='Ch\u00e2teau-de-San-Juan-Bautista-un-lieu-a-visiter-a-Santa-Cruz-de-Tenerife.jpg' alt=''  itemprop=\"thumbnailUrl\"  style='min-height:400px; min-width:838px; ' \/><\/div><\/li><li  class='avia-slideshow-slide av-kdg2avq7-dc7d4dd35affc226dd9dfaa84ce34e78__13  slide-8 slide-even'><div data-rel='slideshow-1' class='avia-slide-wrap'   ><img decoding=\"async\" class=\"wp-image-2444 avia-img-lazy-loading-not-2444\"  src=\"https:\/\/casadonacarmela.com\/wp-content\/uploads\/2022\/11\/plaza-espana-1000x430.jpg\" width=\"1000\" height=\"430\" title='plaza-espana' alt=''  itemprop=\"thumbnailUrl\"  style='min-height:400px; min-width:931px; ' \/><\/div><\/li><li  class='avia-slideshow-slide av-kdg2avq7-dc7d4dd35affc226dd9dfaa84ce34e78__14  slide-9 slide-odd'><div data-rel='slideshow-1' class='avia-slide-wrap'   ><img decoding=\"async\" class=\"wp-image-2445 avia-img-lazy-loading-not-2445\"  src=\"https:\/\/casadonacarmela.com\/wp-content\/uploads\/2022\/11\/santa-cruz-tfe-1000x430.jpg\" width=\"1000\" height=\"430\" title='Santa,Cruz,,Tenerife,,Espagne,-,Janvier,16,,2019\u00a0:,Auditorium,Place' alt=''  itemprop=\"thumbnailUrl\"  style='min-height:400px; min-width:931px; ' \/><\/div><\/li><li  class='avia-slideshow-slide av-kdg2avq7-dc7d4dd35affc226dd9dfaa84ce34e78__15  slide-10 slide-even'><div data-rel='slideshow-1' class='avia-slide-wrap'   ><img decoding=\"async\" class=\"wp-image-2446 avia-img-lazy-loading-not-2446\"  src=\"https:\/\/casadonacarmela.com\/wp-content\/uploads\/2022\/11\/plaza-candelaria-1000x430.jpg\" width=\"1000\" height=\"430\" title='Canaries,Iles,,Santa,Cruz,De,Tenerife,,Espagne,,Septembre,30,,2019\u00a0:' alt=''  itemprop=\"thumbnailUrl\"  style='min-height:400px; min-width:931px; ' \/><\/div><\/li><li  class='avia-slideshow-slide av-kdg2avq7-dc7d4dd35affc226dd9dfaa84ce34e78__16  slide-11 slide-odd'><div data-rel='slideshow-1' class='avia-slide-wrap'   ><img decoding=\"async\" class=\"wp-image-2447 avia-img-lazy-loading-not-2447\"  src=\"https:\/\/casadonacarmela.com\/wp-content\/uploads\/2022\/11\/parque-santa-cruz-1000x430.jpg\" width=\"1000\" height=\"430\" title='Plaza, De, Weyler, Dans, Santa, Cruz, Sur, La, Ile, De' alt=''  itemprop=\"thumbnailUrl\"  style='min-height:400px; min-width:931px; ' \/><\/div><\/li><li  class='avia-slideshow-slide av-kdg2avq7-dc7d4dd35affc226dd9dfaa84ce34e78__17  slide-12 slide-even'><div data-rel='slideshow-1' class='avia-slide-wrap'   ><img decoding=\"async\" class=\"wp-image-2449 avia-img-lazy-loading-not-2449\"  src=\"https:\/\/casadonacarmela.com\/wp-content\/uploads\/2022\/11\/51324306018_a2c484bb86_b-1024x430.jpg\" width=\"1024\" height=\"430\" title='51324306018_a2c484bb86_b' alt=''  itemprop=\"thumbnailUrl\"  style='min-height:400px; min-width:953px; ' \/><\/div><\/li><li  class='avia-slideshow-slide av-kdg2avq7-dc7d4dd35affc226dd9dfaa84ce34e78__18  slide-13 slide-odd'><div data-rel='slideshow-1' class='avia-slide-wrap'   ><img decoding=\"async\" class=\"wp-image-2443 avia-img-lazy-loading-not-2443\"  src=\"https:\/\/casadonacarmela.com\/wp-content\/uploads\/2022\/11\/playa-teresitas-1000x430.jpg\" width=\"1000\" height=\"430\" title='plage-teresitas' alt=''  itemprop=\"thumbnailUrl\"  style='min-height:400px; min-width:931px; ' \/><\/div><\/li><li  class='avia-slideshow-slide av-kdg2avq7-dc7d4dd35affc226dd9dfaa84ce34e78__19  slide-14 slide-even'><div data-rel='slideshow-1' class='avia-slide-wrap'   ><img decoding=\"async\" class=\"wp-image-2437 avia-img-lazy-loading-not-2437\"  src=\"https:\/\/casadonacarmela.com\/wp-content\/uploads\/2022\/11\/playa-benijo-fc-1.jpg\" width=\"960\" height=\"371\" title='plage-benijo-fc' alt=''  itemprop=\"thumbnailUrl\"  style='min-height:400px; min-width:1036px; ' srcset=\"https:\/\/casadonacarmela.com\/wp-content\/uploads\/2022\/11\/playa-benijo-fc-1.jpg 960w, https:\/\/casadonacarmela.com\/wp-content\/uploads\/2022\/11\/playa-benijo-fc-1-300x116.jpg 300w, https:\/\/casadonacarmela.com\/wp-content\/uploads\/2022\/11\/playa-benijo-fc-1-768x297.jpg 768w, https:\/\/casadonacarmela.com\/wp-content\/uploads\/2022\/11\/playa-benijo-fc-1-18x7.jpg 18w, https:\/\/casadonacarmela.com\/wp-content\/uploads\/2022\/11\/playa-benijo-fc-1-705x272.jpg 705w\" sizes=\"(max-width: 960px) 100vw, 960px\" \/><\/div><\/li><li  class='avia-slideshow-slide av-kdg2avq7-dc7d4dd35affc226dd9dfaa84ce34e78__20  slide-15 slide-odd'><div data-rel='slideshow-1' class='avia-slide-wrap'   ><img decoding=\"async\" class=\"wp-image-1885 avia-img-lazy-loading-not-1885\"  src=\"https:\/\/casadonacarmela.com\/wp-content\/uploads\/2020\/09\/tenerife-4152688_430.jpg\" width=\"960\" height=\"430\" title='tenerife-4152688_430' alt=''  itemprop=\"thumbnailUrl\"  style='min-height:400px; min-width:894px; ' srcset=\"https:\/\/casadonacarmela.com\/wp-content\/uploads\/2020\/09\/tenerife-4152688_430.jpg 960w, https:\/\/casadonacarmela.com\/wp-content\/uploads\/2020\/09\/tenerife-4152688_430-300x134.jpg 300w, https:\/\/casadonacarmela.com\/wp-content\/uploads\/2020\/09\/tenerife-4152688_430-768x344.jpg 768w, https:\/\/casadonacarmela.com\/wp-content\/uploads\/2020\/09\/tenerife-4152688_430-705x316.jpg 705w\" sizes=\"(max-width: 960px) 100vw, 960px\" \/><\/div><\/li><\/ul><div class='avia-slideshow-arrows avia-slideshow-controls' ><a href='#prev' class='prev-slide' aria-hidden='true' data-av_icon='\ue87c' data-av_iconfont='entypo-fontello'  tabindex='-1'>Pr\u00e9c\u00e9dent<\/a><a href='#next' class='next-slide' aria-hidden='true' data-av_icon='\ue87d' data-av_iconfont='entypo-fontello'  tabindex='-1'>Suivant<\/a><\/div><div class='avia-slideshow-dots avia-slideshow-controls'><a href='#1' class='goto-slide active' >1<\/a><a href='#2' class='goto-slide' >2<\/a><a href='#3' class='goto-slide' >3<\/a><a href='#4' class='goto-slide' >4<\/a><a href='#5' class='goto-slide' >5<\/a><a href='#6' class='goto-slide' >6<\/a><a href='#7' class='goto-slide' >7<\/a><a href='#8' class='goto-slide' >8<\/a><a href='#9' class='goto-slide' >9<\/a><a href='#10' class='goto-slide' >10<\/a><a href='#11' class='goto-slide' >11<\/a><a href='#12' class='goto-slide' >12<\/a><a href='#13' class='goto-slide' >13<\/a><a href='#14' class='goto-slide' >14<\/a><a href='#15' class='goto-slide' >15<\/a><\/div><\/div><\/div><div id='after_full_slider_1'  class='main_color av_default_container_wrap container_wrap fullsize'  ><div class='container av-section-cont-open' ><div class='template-page content  av-content-full alpha units'><div class='post-entry post-entry-type-page post-entry-1146'><div class='entry-content-wrapper clearfix'>\n\n<style type=\"text\/css\" data-created_by=\"avia_inline_auto\" id=\"style-css-av-5ww7dm-1942333505488a96357aae531155391d\">\n.flex_column.av-5ww7dm-1942333505488a96357aae531155391d{\n-webkit-border-radius:0px 0px 0px 0px;\n-moz-border-radius:0px 0px 0px 0px;\nborder-radius:0px 0px 0px 0px;\n}\n<\/style>\n<div class='flex_column av-5ww7dm-1942333505488a96357aae531155391d av_one_third  avia-builder-el-1  el_after_av_slideshow_full  el_before_av_one_third  avia-builder-el-first  first flex_column_div av-zero-column-padding'     ><p>\n<style type=\"text\/css\" data-created_by=\"avia_inline_auto\" id=\"style-css-av-5pu056-800c63617ea335a7c83906d21070f6a4\">\n#top .av-special-heading.av-5pu056-800c63617ea335a7c83906d21070f6a4{\npadding-bottom:10px;\n}\nbody .av-special-heading.av-5pu056-800c63617ea335a7c83906d21070f6a4 .av-special-heading-tag .heading-char{\nfont-size:25px;\n}\n.av-special-heading.av-5pu056-800c63617ea335a7c83906d21070f6a4 .av-subheading{\nfont-size:15px;\n}\n<\/style>\n<div  class='av-special-heading av-5pu056-800c63617ea335a7c83906d21070f6a4 av-special-heading-h1  avia-builder-el-2  el_before_av_hr  avia-builder-el-first'><h1 class='av-special-heading-tag'  itemprop=\"headline\"  >Santa Cruz et le nord de l&#039;\u00eele<\/h1><div class=\"special-heading-border\"><div class=\"special-heading-inner-border\"><\/div><\/div><\/div><br \/>\n\n<style type=\"text\/css\" data-created_by=\"avia_inline_auto\" id=\"style-css-av-kdg2gfai-a951df35f2b4e5b0ff12a801f17fb184\">\n#top .hr.hr-invisible.av-kdg2gfai-a951df35f2b4e5b0ff12a801f17fb184{\nheight:50px;\n}\n<\/style>\n<div  class='hr av-kdg2gfai-a951df35f2b4e5b0ff12a801f17fb184 hr-invisible  avia-builder-el-3  el_after_av_heading  el_before_av_textblock'><span class='hr-inner'><span class=\"hr-inner-style\"><\/span><\/span><\/div><br \/>\n<section  class='av_textblock_section av-kdetrbrh-bf64595f97660c1a66287afadb8c1cbc'  itemscope=\"itemscope\" itemtype=\"https:\/\/schema.org\/CreativeWork\" ><div class='avia_textblock'  itemprop=\"text\" ><p style=\"text-align: left;\">Situ\u00e9 \u00e0<strong><span style=\"color: #808080;\"> au nord-est<\/span> <\/strong>de l&#039;\u00eele de Tenerife, la capitale montre les signes du temps et de l&#039;histoire qui s&#039;\u00e9tend sur plus de cinq si\u00e8cles. Ongle <strong><span style=\"color: #808080;\">Garden City<\/span><\/strong> qui alterne un petit <strong><span style=\"color: #808080;\">noyau colonial <\/span><\/strong>Avec d&#039;\u00e9l\u00e9gantes demeures seigneuriales, Santa Cruz offre un cocktail parfait de plage, de culture, de restaurants et de loisirs.&nbsp;<\/p>\n<p style=\"text-align: left;\">Depuis la ville, vous acc\u00e9derez facilement au <strong><span style=\"color: #808080;\">au nord de l&#039;\u00eele.<\/span><\/strong> A la d\u00e9couverte de plages sauvages, de paysages vertigineux, de la nature \u00e0 l&#039;\u00e9tat pur, de villes \u00e0 l&#039;architecture unique et de ses c\u00e9l\u00e8bres <strong><span style=\"color: #808080;\">&quot;guachinche&quot;<\/span><\/strong>, o\u00f9 vous pourrez profiter de la vraie gastronomie locale.<\/p>\n<p style=\"text-align: left;\">\u00c0 cause de son <strong><span style=\"color: #808080;\">climat <\/span><\/strong>presque parfait, Santa Cruz est une ville o\u00f9 les gens passent<strong> <span style=\"color: #808080;\">toute l&#039;ann\u00e9e<\/span><\/strong> profitant des espaces de plein air, des parcs, de ses promenades entour\u00e9es de v\u00e9g\u00e9tation et de ses terrasses.<\/p>\n<\/div><\/section><\/p><\/div>\n\n<style type=\"text\/css\" data-created_by=\"avia_inline_auto\" id=\"style-css-av-3hkk2y-4f39424d7a1ac2a0c964ef9e21514223\">\n.flex_column.av-3hkk2y-4f39424d7a1ac2a0c964ef9e21514223{\n-webkit-border-radius:0px 0px 0px 0px;\n-moz-border-radius:0px 0px 0px 0px;\nborder-radius:0px 0px 0px 0px;\n}\n<\/style>\n<div class='flex_column av-3hkk2y-4f39424d7a1ac2a0c964ef9e21514223 av_one_third  avia-builder-el-5  el_after_av_one_third  el_before_av_one_third  flex_column_div av-zero-column-padding'     ><p>\n<style type=\"text\/css\" data-created_by=\"avia_inline_auto\" id=\"style-css-av-3w2gnu-3a434e041cc1a9fce79cfceef493dce7\">\n#top .av-special-heading.av-3w2gnu-3a434e041cc1a9fce79cfceef493dce7{\npadding-bottom:10px;\n}\nbody .av-special-heading.av-3w2gnu-3a434e041cc1a9fce79cfceef493dce7 .av-special-heading-tag .heading-char{\nfont-size:25px;\n}\n.av-special-heading.av-3w2gnu-3a434e041cc1a9fce79cfceef493dce7 .av-subheading{\nfont-size:15px;\n}\n<\/style>\n<div  class='av-special-heading av-3w2gnu-3a434e041cc1a9fce79cfceef493dce7 av-special-heading-h1  avia-builder-el-6  el_before_av_hr  avia-builder-el-first'><h1 class='av-special-heading-tag'  itemprop=\"headline\"  >Achats<\/h1><div class=\"special-heading-border\"><div class=\"special-heading-inner-border\"><\/div><\/div><\/div><br \/>\n\n<style type=\"text\/css\" data-created_by=\"avia_inline_auto\" id=\"style-css-av-kdg2gfai-7-3a75049425382747a436f2ace9101741\">\n#top .hr.hr-invisible.av-kdg2gfai-7-3a75049425382747a436f2ace9101741{\nheight:50px;\n}\n<\/style>\n<div  class='hr av-kdg2gfai-7-3a75049425382747a436f2ace9101741 hr-invisible  avia-builder-el-7  el_after_av_heading  el_before_av_textblock'><span class='hr-inner'><span class=\"hr-inner-style\"><\/span><\/span><\/div><br \/>\n<section  class='av_textblock_section av-kdetrbrh-6-fcf2e6e25b99d2fec2c0ef5de9029d64'  itemscope=\"itemscope\" itemtype=\"https:\/\/schema.org\/CreativeWork\" ><div class='avia_textblock'  itemprop=\"text\" ><p>La principale zone commerciale de Santa Cruz est la<span style=\"color: #333333;\"><strong><span style=\"color: #808080;\"> Rue Castillo<\/span><\/strong>,<\/span> Cependant, il vaut \u00e9galement la peine de d\u00e9couvrir Su\u00e1rez Guerra, une \u00e9l\u00e9gante rue commer\u00e7ante, pour prendre des tapas dans la Callej\u00f3n de Combate et se promener dans les rues pi\u00e9tonnes. <strong><span style=\"color: #808080;\">Viera y Clavijo et P\u00e9rez Gald\u00f3s, <\/span><\/strong>qui cachent des boutiques int\u00e9ressantes. Pour une petite balade ou un shopping de derni\u00e8re minute, la rue Bethencourt Alfonso nous propose ses magasins de chaussures, ses bazars d&#039;\u00e9lectronique et ses buralistes. Vous pouvez vous reposer \u00e0 la caf\u00e9t\u00e9ria El \u00c1guila ou au <span style=\"color: #333333;\"><strong><span style=\"color: #808080;\">Place du Prince<\/span><\/strong>.<\/span><\/p>\n<p>Dans le<strong> <span style=\"color: #808080;\">March\u00e9 de<\/span> <span style=\"color: #808080;\">Notre Dame d&#039;Afrique<\/span> <\/strong>il y a la possibilit\u00e9 d&#039;acheter des produits locaux tels que vins, fromages, miels, etc. Nous recommandons \u00e9galement une visite au magasin <strong><span style=\"color: #808080;\">TORCHE <\/span><\/strong>dans lequel vous trouverez une grande vari\u00e9t\u00e9 de produits cr\u00e9\u00e9s par des artisans et des entreprises locales dans un espace spacieux et lumineux, la vitrine parfaite pour le marketing. Vous pouvez terminer vos achats avec un ap\u00e9ritif au c\u00e9l\u00e8bre Caf\u00e9 Atl\u00e1ntico.<\/p>\n<\/div><\/section><\/p><\/div>\n\n<style type=\"text\/css\" data-created_by=\"avia_inline_auto\" id=\"style-css-av-24hd96-dbc1f96d7746a88b5d35bac9d16a2879\">\n.flex_column.av-24hd96-dbc1f96d7746a88b5d35bac9d16a2879{\n-webkit-border-radius:0px 0px 0px 0px;\n-moz-border-radius:0px 0px 0px 0px;\nborder-radius:0px 0px 0px 0px;\n}\n<\/style>\n<div class='flex_column av-24hd96-dbc1f96d7746a88b5d35bac9d16a2879 av_one_third  avia-builder-el-9  el_after_av_one_third  avia-builder-el-last  flex_column_div av-zero-column-padding'     ><p>\n<style type=\"text\/css\" data-created_by=\"avia_inline_auto\" id=\"style-css-av-2akuhm-834f85017494ceaa029ecee7bd5585f9\">\n#top .av-special-heading.av-2akuhm-834f85017494ceaa029ecee7bd5585f9{\npadding-bottom:10px;\n}\nbody .av-special-heading.av-2akuhm-834f85017494ceaa029ecee7bd5585f9 .av-special-heading-tag .heading-char{\nfont-size:25px;\n}\n.av-special-heading.av-2akuhm-834f85017494ceaa029ecee7bd5585f9 .av-subheading{\nfont-size:15px;\n}\n<\/style>\n<div  class='av-special-heading av-2akuhm-834f85017494ceaa029ecee7bd5585f9 av-special-heading-h1  avia-builder-el-10  el_before_av_hr  avia-builder-el-first'><h1 class='av-special-heading-tag'  itemprop=\"headline\"  >Des plages<\/h1><div class=\"special-heading-border\"><div class=\"special-heading-inner-border\"><\/div><\/div><\/div><br \/>\n\n<style type=\"text\/css\" data-created_by=\"avia_inline_auto\" id=\"style-css-av-kdg2gfai-5-15406007e46676aab4be9dbd4c829305\">\n#top .hr.hr-invisible.av-kdg2gfai-5-15406007e46676aab4be9dbd4c829305{\nheight:50px;\n}\n<\/style>\n<div  class='hr av-kdg2gfai-5-15406007e46676aab4be9dbd4c829305 hr-invisible  avia-builder-el-11  el_after_av_heading  el_before_av_textblock'><span class='hr-inner'><span class=\"hr-inner-style\"><\/span><\/span><\/div><br \/>\n<section  class='av_textblock_section av-kdetrbrh-4-6dcce84344e52527db0c7cf1b264f1cf'  itemscope=\"itemscope\" itemtype=\"https:\/\/schema.org\/CreativeWork\" ><div class='avia_textblock'  itemprop=\"text\" ><p>La <strong><span style=\"color: #808080;\">Plage de Las Teresitas <\/span><\/strong>il n&#039;est qu&#039;\u00e0 huit kilom\u00e8tres de la ville, reli\u00e9 par des bus. A proximit\u00e9 se trouve le <strong><span style=\"color: #808080;\">Plage de Las Gaviotas<\/span><\/strong>, une petite plage de sable noir volcanique, tr\u00e8s appr\u00e9ci\u00e9e des locaux pour les sports comme le surf ou le bodyboard. La plage de Las Gaviotas est \u00e9galement connue car elle est autoris\u00e9e \u00e0 faire du nudisme.<\/p>\n<p>La <strong><span style=\"color: #808080;\">Plage de Benijo<\/span><\/strong> c&#039;est l&#039;une des plages les plus spectaculaires de Tenerife. Escort\u00e9s par Roque Benijo et Roque La Rapadura, ils font de cette plage une enclave qui ne vous laissera pas indiff\u00e9rent. Il est<span style=\"color: #999999;\"> sable noir,<\/span> et il est situ\u00e9 sous le hameau de Benijo, dans la r\u00e9gion de la c\u00f4te nord de Tenerife, dans le massif d&#039;Anaga.<\/p>\n<div class=\"item_content\"><main>&nbsp;<\/main><\/p>\n<div id=\"ctl00_m_g_4c811b5a_f666_4c5e_8fb6_c5429f5e3555\">\n<div class=\"block_2col\">\n<div class=\"col_70\">\n<article class=\"block_contenidos\">D\u00e9couvrez le <strong><span style=\"color: #808080;\">Plage d&#039;Antequera<\/span><\/strong> est de d\u00e9couvrir l&#039;un des coins les plus cach\u00e9s de l&#039;\u00eele. On ne peut y acc\u00e9der que par un chemin difficile d&#039;acc\u00e8s ou par la mer. Il vaut la peine de le visiter pour profiter du paysage extraordinaire \u00e0 c\u00f4t\u00e9 de la falaise du massif d&#039;Anaga qui se confond avec le rocher qui donne son nom \u00e0 la plage. La <strong><span style=\"color: #808080;\">Plage de Los Patos,<\/span><\/strong> C&#039;est une autre des plages de sable noir sauvage que l&#039;\u00eele poss\u00e8de au nord de l&#039;\u00eele. Situ\u00e9 dans la spectaculaire vall\u00e9e de La Orotava, avec le mont Teide en arri\u00e8re-plan, le sable volcanique de cette plage vierge augmente en \u00e9t\u00e9 et \u00e0 mar\u00e9e basse jusqu&#039;\u00e0 ce qu&#039;il quitte l&#039;une des plus grandes zones de baignade du nord.<\/p>\n<\/article>\n<\/div>\n<\/div>\n<\/div>\n<\/div>\n<\/div><\/section><\/p><\/div>","protected":false},"excerpt":{"rendered":"","protected":false},"author":3,"featured_media":0,"parent":0,"menu_order":0,"comment_status":"closed","ping_status":"closed","template":"","meta":{"_joinchat":[],"footnotes":""},"class_list":["post-1146","page","type-page","status-publish","hentry"],"_links":{"self":[{"href":"https:\/\/casadonacarmela.com\/fr\/wp-json\/wp\/v2\/pages\/1146","targetHints":{"allow":["GET"]}}],"collection":[{"href":"https:\/\/casadonacarmela.com\/fr\/wp-json\/wp\/v2\/pages"}],"about":[{"href":"https:\/\/casadonacarmela.com\/fr\/wp-json\/wp\/v2\/types\/page"}],"author":[{"embeddable":true,"href":"https:\/\/casadonacarmela.com\/fr\/wp-json\/wp\/v2\/users\/3"}],"replies":[{"embeddable":true,"href":"https:\/\/casadonacarmela.com\/fr\/wp-json\/wp\/v2\/comments?post=1146"}],"version-history":[{"count":0,"href":"https:\/\/casadonacarmela.com\/fr\/wp-json\/wp\/v2\/pages\/1146\/revisions"}],"wp:attachment":[{"href":"https:\/\/casadonacarmela.com\/fr\/wp-json\/wp\/v2\/media?parent=1146"}],"curies":[{"name":"wp","href":"https:\/\/api.w.org\/{rel}","templated":true}]}}