{"id":1005,"date":"2020-05-07T16:12:11","date_gmt":"2020-05-07T16:12:11","guid":{"rendered":"https:\/\/casadonacarmela.com\/?page_id=1005"},"modified":"2022-09-29T17:12:56","modified_gmt":"2022-09-29T16:12:56","slug":"objetivo-0-residuos","status":"publish","type":"page","link":"https:\/\/casadonacarmela.com\/fr\/objetivo-0-residuos","title":{"rendered":"Objectif \u00ab 0 d\u00e9chet \u00bb"},"content":{"rendered":"<div class=\"wp-block-image\">\r\n<figure class=\"aligncenter size-large is-resized\"><img loading=\"lazy\" decoding=\"async\" class=\"size-medium wp-image-2345 aligncenter\" src=\"https:\/\/casadonacarmela.com\/wp-content\/uploads\/2022\/09\/zero-waste-300x300.jpg\" alt=\"\" width=\"300\" height=\"300\" srcset=\"https:\/\/casadonacarmela.com\/wp-content\/uploads\/2022\/09\/zero-waste-300x300.jpg 300w, https:\/\/casadonacarmela.com\/wp-content\/uploads\/2022\/09\/zero-waste-80x80.jpg 80w, https:\/\/casadonacarmela.com\/wp-content\/uploads\/2022\/09\/zero-waste-12x12.jpg 12w, https:\/\/casadonacarmela.com\/wp-content\/uploads\/2022\/09\/zero-waste-36x36.jpg 36w, https:\/\/casadonacarmela.com\/wp-content\/uploads\/2022\/09\/zero-waste-180x180.jpg 180w, https:\/\/casadonacarmela.com\/wp-content\/uploads\/2022\/09\/zero-waste.jpg 612w\" sizes=\"auto, (max-width: 300px) 100vw, 300px\" \/><\/figure>\r\n<\/div>\r\n\r\n\r\n\r\n<p class=\"has-text-align-center\"><strong>NOS CROYANCES FONDAMENTALES ET LES VALEURS LES PLUS IMPORTANTES<\/strong><\/p>\r\n\r\n\r\n\r\n<p>\u00bf<strong>Qui sommes nous?<\/strong><\/p>\r\n\r\n\r\n\r\n<p>Casa Do\u00f1a Carmela est un projet pilote qui suit des mod\u00e8les de d\u00e9veloppement \u00e9conomique ax\u00e9s sur la durabilit\u00e9 et le respect de l&#039;environnement. Notre attention est tourn\u00e9e vers l&#039;\u00e9conomie circulaire, le Km 0, le commerce \u00e9quitable et le respect des personnes avec l&#039;ambition de ne pas produire de d\u00e9chets en faisant des affaires:<\/p>\r\n\r\n\r\n\r\n<p>\u00bf<strong>Que faisons nous?<\/strong><\/p>\r\n\r\n\r\n\r\n<p class=\"translation-block\"><strong data-rich-text-format-boundary=\"true\">R\u00e9utiliser, Recycler, Valoriser et R\u00e9duire<\/strong> sont les axes vers lesquels nous guidons toutes les actions impliquant nos clients, nos fournisseurs et l\u2019ensemble de notre environnement. Notre conscience environnementale est \u00e0 360\u00ba\u00a0; Nous nous engageons \u00e0 inclure cet engagement dans notre gestion d\u2019entreprise depuis notre cr\u00e9ation en avril 2017.<\/p>\r\n\r\n\r\n\r\n<p>\u00bf<strong>Comment faisons-nous \u00e7a?<\/strong><\/p>\r\n\r\n\r\n\r\n<p class=\"has-text-align-center\"><strong>L&#039;\u00c9CONOMIE CIRCULAIRE DE LA D\u00c9CORATION ET DU SAVOIR: UNE AUTRE VIE POUR LES MEUBLES ET LES LIVRES.<\/strong><\/p>\r\n\r\n\r\n\r\n<p>Le 95% de toute la d\u00e9coration de la maison provient de meubles qui existaient d\u00e9j\u00e0; Nous parions toujours sur ce qui existe avant d&#039;acheter quelque chose de nouveau. &nbsp;<\/p>\r\n\r\n\r\n\r\n<p>Une biblioth\u00e8que de pr\u00e8s de 1000 livres, en diff\u00e9rentes langues, sauv\u00e9e chez nos amis et voisins et qui s&#039;enrichit \u00e9galement chaque jour gr\u00e2ce \u00e0 nos h\u00f4tes qui les invitent \u00e0 laisser leurs livres lorsqu&#039;ils ont termin\u00e9.<\/p>\r\n\r\n\r\n\r\n<p><strong>ACHATS LOCAUX: LES AVANTAGES ENVIRONNEMENTAUX ET \u00c9CONOMIQUES DE LA CONSOMMATION AU KM 0<\/strong><\/p>\r\n\r\n\r\n\r\n<p>Chez Casa Do\u00f1a Carmela, nous sommes tr\u00e8s impliqu\u00e9s dans notre environnement: la communaut\u00e9, les fournisseurs et l&#039;environnement; pour cette raison, nous assumons et promouvons des mod\u00e8les de consommation plus responsables tels que le commerce local. Nos h\u00f4tes auront l&#039;occasion de d\u00e9guster des produits locaux et de d\u00e9couvrir le travail artistique de notre artisan.<\/p>\r\n\r\n\r\n\r\n<div class=\"wp-block-image\">\r\n<figure class=\"aligncenter size-large is-resized\"><img loading=\"lazy\" decoding=\"async\" class=\"wp-image-2356 aligncenter\" src=\"https:\/\/casadonacarmela.com\/wp-content\/uploads\/2022\/09\/LOGOCANARIO2-300x289.png\" alt=\"\" width=\"185\" height=\"178\" srcset=\"https:\/\/casadonacarmela.com\/wp-content\/uploads\/2022\/09\/LOGOCANARIO2-300x289.png 300w, https:\/\/casadonacarmela.com\/wp-content\/uploads\/2022\/09\/LOGOCANARIO2-12x12.png 12w, https:\/\/casadonacarmela.com\/wp-content\/uploads\/2022\/09\/LOGOCANARIO2-36x36.png 36w, https:\/\/casadonacarmela.com\/wp-content\/uploads\/2022\/09\/LOGOCANARIO2.png 672w\" sizes=\"auto, (max-width: 185px) 100vw, 185px\" \/><\/figure>\r\n<\/div>\r\n\r\n\r\n\r\n<p class=\"has-text-align-center\">#yocomprocanario<\/p>\r\n\r\n\r\n\r\n<p>Nous vous rappelons que notre mission est de soutenir l&#039;\u00e9conomie locale. Pour cette raison, nous souhaitons vous offrir le privil\u00e8ge de rencontrer une s\u00e9lection d&#039;artistes, designers et artisans locaux. Suivant notre principe de durabilit\u00e9 et de responsabilit\u00e9. Tous les produits sont des pi\u00e8ces uniques issues de mat\u00e9riaux de rebut.<\/p>\r\n<p>Nous vous offrons \u00e9galement la possibilit\u00e9 de visiter les ateliers de nos artistes afin d&#039;avoir une connaissance plus approfondie de ce que vous achetez.<br><br><\/p>\r\n<p style=\"text-align: center;\"><em>Demandez-nous plus d&#039;informations.<\/em><\/p>","protected":false},"excerpt":{"rendered":"<p>NUESTRAS CREENCIAS FUNDAMENTALES Y LOS VALORES M\u00c1S IMPORTANTES \u00bfQui\u00e9nes Somos? Casa Do\u00f1a Carmela es un proyecto piloto que sigue modelos de desarrollo econ\u00f3micos enfocados en la sostenibilidad y al cuidado del Medio Ambiente. Nuestra atenci\u00f3n se dirige hacia la econom\u00eda circular, Km 0, al comercio justo y&nbsp; el respeto a las personas con la ambici\u00f3n [&hellip;]<\/p>\n","protected":false},"author":3,"featured_media":0,"parent":0,"menu_order":0,"comment_status":"closed","ping_status":"closed","template":"","meta":{"_joinchat":[],"footnotes":""},"class_list":["post-1005","page","type-page","status-publish","hentry"],"_links":{"self":[{"href":"https:\/\/casadonacarmela.com\/fr\/wp-json\/wp\/v2\/pages\/1005","targetHints":{"allow":["GET"]}}],"collection":[{"href":"https:\/\/casadonacarmela.com\/fr\/wp-json\/wp\/v2\/pages"}],"about":[{"href":"https:\/\/casadonacarmela.com\/fr\/wp-json\/wp\/v2\/types\/page"}],"author":[{"embeddable":true,"href":"https:\/\/casadonacarmela.com\/fr\/wp-json\/wp\/v2\/users\/3"}],"replies":[{"embeddable":true,"href":"https:\/\/casadonacarmela.com\/fr\/wp-json\/wp\/v2\/comments?post=1005"}],"version-history":[{"count":1,"href":"https:\/\/casadonacarmela.com\/fr\/wp-json\/wp\/v2\/pages\/1005\/revisions"}],"predecessor-version":[{"id":2523,"href":"https:\/\/casadonacarmela.com\/fr\/wp-json\/wp\/v2\/pages\/1005\/revisions\/2523"}],"wp:attachment":[{"href":"https:\/\/casadonacarmela.com\/fr\/wp-json\/wp\/v2\/media?parent=1005"}],"curies":[{"name":"wp","href":"https:\/\/api.w.org\/{rel}","templated":true}]}}