{"id":1146,"date":"2020-05-16T16:38:32","date_gmt":"2020-05-16T15:38:32","guid":{"rendered":"https:\/\/casadonacarmela.com\/?page_id=1146"},"modified":"2022-11-18T18:40:17","modified_gmt":"2022-11-18T18:40:17","slug":"la-ciudad","status":"publish","type":"page","link":"https:\/\/casadonacarmela.com\/en\/la-ciudad","title":{"rendered":"The city and Anaga"},"content":{"rendered":"<div id='full_slider_1'  class='avia-fullwidth-slider main_color avia-shadow   avia-builder-el-0  el_before_av_one_third  avia-builder-el-first   container_wrap fullsize'  ><div  class='avia-slideshow av-kdg2avq7-dc7d4dd35affc226dd9dfaa84ce34e78 avia-slideshow-featured av_slideshow_full avia-slide-slider av-slideshow-ui av-control-default av-slideshow-autoplay av-loop-endless av-loop-manual-endless av-default-height-applied   avia-slideshow-1' data-slideshow-options=\"{&quot;animation&quot;:&quot;slide&quot;,&quot;autoplay&quot;:true,&quot;loop_autoplay&quot;:&quot;endless&quot;,&quot;interval&quot;:4,&quot;loop_manual&quot;:&quot;manual-endless&quot;,&quot;autoplay_stopper&quot;:false,&quot;noNavigation&quot;:false,&quot;bg_slider&quot;:false,&quot;keep_padding&quot;:false,&quot;hoverpause&quot;:false,&quot;show_slide_delay&quot;:0}\"  itemprop=\"image\" itemscope=\"itemscope\" itemtype=\"https:\/\/schema.org\/ImageObject\" ><ul class='avia-slideshow-inner' style='padding-bottom: 58.108108108108%;'><li  class='avia-slideshow-slide av-kdg2avq7-dc7d4dd35affc226dd9dfaa84ce34e78__6  slide-1 slide-odd'><div data-rel='slideshow-1' class='avia-slide-wrap'   ><img decoding=\"async\" class=\"wp-image-2448 avia-img-lazy-loading-not-2448\"  src=\"https:\/\/casadonacarmela.com\/wp-content\/uploads\/2022\/11\/1658308050_tenerife-740x430.jpg\" width=\"740\" height=\"430\" title='1658308050_tenerife' alt=''  itemprop=\"thumbnailUrl\"  style='min-height:400px; min-width:689px; ' \/><\/div><\/li><li  class='avia-slideshow-slide av-kdg2avq7-dc7d4dd35affc226dd9dfaa84ce34e78__7  slide-2 slide-even'><div data-rel='slideshow-1' class='avia-slide-wrap'   ><img decoding=\"async\" class=\"wp-image-2438 avia-img-lazy-loading-not-2438\"  src=\"https:\/\/casadonacarmela.com\/wp-content\/uploads\/2022\/11\/concepcion-santa-cruz-1000x430.jpg\" width=\"1000\" height=\"430\" title='Santa,Cruz,De,Tenerife,,Canary,Islands,,Spain,-,Concepcion,Church,' alt=''  itemprop=\"thumbnailUrl\"  style='min-height:400px; min-width:931px; ' \/><\/div><\/li><li  class='avia-slideshow-slide av-kdg2avq7-dc7d4dd35affc226dd9dfaa84ce34e78__8  slide-3 slide-odd'><div data-rel='slideshow-1' class='avia-slide-wrap'   ><img decoding=\"async\" class=\"wp-image-2439 avia-img-lazy-loading-not-2439\"  src=\"https:\/\/casadonacarmela.com\/wp-content\/uploads\/2022\/11\/santa-cruz-1000x430.jpg\" width=\"1000\" height=\"430\" title='Cityscape,Of,Santa,Cruz,De,Tenerife.,Canary,Islands,,Spain' alt=''  itemprop=\"thumbnailUrl\"  style='min-height:400px; min-width:931px; ' \/><\/div><\/li><li  class='avia-slideshow-slide av-kdg2avq7-dc7d4dd35affc226dd9dfaa84ce34e78__9  slide-4 slide-even'><div data-rel='slideshow-1' class='avia-slide-wrap'   ><img decoding=\"async\" class=\"wp-image-2440 avia-img-lazy-loading-not-2440\"  src=\"https:\/\/casadonacarmela.com\/wp-content\/uploads\/2022\/11\/calle-castillo-1000x430.jpg\" width=\"1000\" height=\"430\" title='April,2014,Santa,Cruz,This,Is,Castillo,Street,In,Santa' alt=''  itemprop=\"thumbnailUrl\"  style='min-height:400px; min-width:931px; ' \/><\/div><\/li><li  class='avia-slideshow-slide av-kdg2avq7-dc7d4dd35affc226dd9dfaa84ce34e78__10  slide-5 slide-odd'><div data-rel='slideshow-1' class='avia-slide-wrap'   ><img decoding=\"async\" class=\"wp-image-2441 avia-img-lazy-loading-not-2441\"  src=\"https:\/\/casadonacarmela.com\/wp-content\/uploads\/2022\/11\/edificio-santa-cruz-1000x430.jpg\" width=\"1000\" height=\"430\" title='Santa,Cruz,De,Tenerife,,Canary,Islands,,Spain,-,December,11,' alt=''  itemprop=\"thumbnailUrl\"  style='min-height:400px; min-width:931px; ' \/><\/div><\/li><li  class='avia-slideshow-slide av-kdg2avq7-dc7d4dd35affc226dd9dfaa84ce34e78__11  slide-6 slide-even'><div data-rel='slideshow-1' class='avia-slide-wrap'   ><img decoding=\"async\" class=\"wp-image-2442 avia-img-lazy-loading-not-2442\"  src=\"https:\/\/casadonacarmela.com\/wp-content\/uploads\/2022\/11\/plaza-espana-2-1000x430.jpg\" width=\"1000\" height=\"430\" title='Santa,Cruz,De,Tenerife,,Canary,Islands,,Spain,-,December,11,' alt=''  itemprop=\"thumbnailUrl\"  style='min-height:400px; min-width:931px; ' \/><\/div><\/li><li  class='avia-slideshow-slide av-kdg2avq7-dc7d4dd35affc226dd9dfaa84ce34e78__12  slide-7 slide-odd'><div data-rel='slideshow-1' class='avia-slide-wrap'   ><img decoding=\"async\" class=\"wp-image-2417 avia-img-lazy-loading-not-2417\"  src=\"https:\/\/casadonacarmela.com\/wp-content\/uploads\/2022\/11\/Castillo-de-San-Juan-Bautista-un-lugar-que-visitar-en-Santa-Cruz-de-Tenerife.jpg-900x430.webp\" width=\"900\" height=\"430\" title='Castle-of-San-Juan-Bautista-a-place-to-visit-in-Santa-Cruz-de-Tenerife.jpg' alt=''  itemprop=\"thumbnailUrl\"  style='min-height:400px; min-width:838px; ' \/><\/div><\/li><li  class='avia-slideshow-slide av-kdg2avq7-dc7d4dd35affc226dd9dfaa84ce34e78__13  slide-8 slide-even'><div data-rel='slideshow-1' class='avia-slide-wrap'   ><img decoding=\"async\" class=\"wp-image-2444 avia-img-lazy-loading-not-2444\"  src=\"https:\/\/casadonacarmela.com\/wp-content\/uploads\/2022\/11\/plaza-espana-1000x430.jpg\" width=\"1000\" height=\"430\" title='plaza-espana' alt=''  itemprop=\"thumbnailUrl\"  style='min-height:400px; min-width:931px; ' \/><\/div><\/li><li  class='avia-slideshow-slide av-kdg2avq7-dc7d4dd35affc226dd9dfaa84ce34e78__14  slide-9 slide-odd'><div data-rel='slideshow-1' class='avia-slide-wrap'   ><img decoding=\"async\" class=\"wp-image-2445 avia-img-lazy-loading-not-2445\"  src=\"https:\/\/casadonacarmela.com\/wp-content\/uploads\/2022\/11\/santa-cruz-tfe-1000x430.jpg\" width=\"1000\" height=\"430\" title='Santa,Cruz,,Tenerife,,Spain,-,January,16,,2019:,Auditorium,Square' alt=''  itemprop=\"thumbnailUrl\"  style='min-height:400px; min-width:931px; ' \/><\/div><\/li><li  class='avia-slideshow-slide av-kdg2avq7-dc7d4dd35affc226dd9dfaa84ce34e78__15  slide-10 slide-even'><div data-rel='slideshow-1' class='avia-slide-wrap'   ><img decoding=\"async\" class=\"wp-image-2446 avia-img-lazy-loading-not-2446\"  src=\"https:\/\/casadonacarmela.com\/wp-content\/uploads\/2022\/11\/plaza-candelaria-1000x430.jpg\" width=\"1000\" height=\"430\" title='Canary,Islands,,Santa,Cruz,De,Tenerife,,Spain,,September,30,,2019:' alt=''  itemprop=\"thumbnailUrl\"  style='min-height:400px; min-width:931px; ' \/><\/div><\/li><li  class='avia-slideshow-slide av-kdg2avq7-dc7d4dd35affc226dd9dfaa84ce34e78__16  slide-11 slide-odd'><div data-rel='slideshow-1' class='avia-slide-wrap'   ><img decoding=\"async\" class=\"wp-image-2447 avia-img-lazy-loading-not-2447\"  src=\"https:\/\/casadonacarmela.com\/wp-content\/uploads\/2022\/11\/parque-santa-cruz-1000x430.jpg\" width=\"1000\" height=\"430\" title='Plaza,De,Weyler,In,Santa,Cruz,On,The,Ile,Of' alt=''  itemprop=\"thumbnailUrl\"  style='min-height:400px; min-width:931px; ' \/><\/div><\/li><li  class='avia-slideshow-slide av-kdg2avq7-dc7d4dd35affc226dd9dfaa84ce34e78__17  slide-12 slide-even'><div data-rel='slideshow-1' class='avia-slide-wrap'   ><img decoding=\"async\" class=\"wp-image-2449 avia-img-lazy-loading-not-2449\"  src=\"https:\/\/casadonacarmela.com\/wp-content\/uploads\/2022\/11\/51324306018_a2c484bb86_b-1024x430.jpg\" width=\"1024\" height=\"430\" title='51324306018_a2c484bb86_b' alt=''  itemprop=\"thumbnailUrl\"  style='min-height:400px; min-width:953px; ' \/><\/div><\/li><li  class='avia-slideshow-slide av-kdg2avq7-dc7d4dd35affc226dd9dfaa84ce34e78__18  slide-13 slide-odd'><div data-rel='slideshow-1' class='avia-slide-wrap'   ><img decoding=\"async\" class=\"wp-image-2443 avia-img-lazy-loading-not-2443\"  src=\"https:\/\/casadonacarmela.com\/wp-content\/uploads\/2022\/11\/playa-teresitas-1000x430.jpg\" width=\"1000\" height=\"430\" title='beach-teresitas' alt=''  itemprop=\"thumbnailUrl\"  style='min-height:400px; min-width:931px; ' \/><\/div><\/li><li  class='avia-slideshow-slide av-kdg2avq7-dc7d4dd35affc226dd9dfaa84ce34e78__19  slide-14 slide-even'><div data-rel='slideshow-1' class='avia-slide-wrap'   ><img decoding=\"async\" class=\"wp-image-2437 avia-img-lazy-loading-not-2437\"  src=\"https:\/\/casadonacarmela.com\/wp-content\/uploads\/2022\/11\/playa-benijo-fc-1.jpg\" width=\"960\" height=\"371\" title='beach-benijo-fc' alt=''  itemprop=\"thumbnailUrl\"  style='min-height:400px; min-width:1036px; ' srcset=\"https:\/\/casadonacarmela.com\/wp-content\/uploads\/2022\/11\/playa-benijo-fc-1.jpg 960w, https:\/\/casadonacarmela.com\/wp-content\/uploads\/2022\/11\/playa-benijo-fc-1-300x116.jpg 300w, https:\/\/casadonacarmela.com\/wp-content\/uploads\/2022\/11\/playa-benijo-fc-1-768x297.jpg 768w, https:\/\/casadonacarmela.com\/wp-content\/uploads\/2022\/11\/playa-benijo-fc-1-18x7.jpg 18w, https:\/\/casadonacarmela.com\/wp-content\/uploads\/2022\/11\/playa-benijo-fc-1-705x272.jpg 705w\" sizes=\"(max-width: 960px) 100vw, 960px\" \/><\/div><\/li><li  class='avia-slideshow-slide av-kdg2avq7-dc7d4dd35affc226dd9dfaa84ce34e78__20  slide-15 slide-odd'><div data-rel='slideshow-1' class='avia-slide-wrap'   ><img decoding=\"async\" class=\"wp-image-1885 avia-img-lazy-loading-not-1885\"  src=\"https:\/\/casadonacarmela.com\/wp-content\/uploads\/2020\/09\/tenerife-4152688_430.jpg\" width=\"960\" height=\"430\" title='tenerife-4152688_430' alt=''  itemprop=\"thumbnailUrl\"  style='min-height:400px; min-width:894px; ' srcset=\"https:\/\/casadonacarmela.com\/wp-content\/uploads\/2020\/09\/tenerife-4152688_430.jpg 960w, https:\/\/casadonacarmela.com\/wp-content\/uploads\/2020\/09\/tenerife-4152688_430-300x134.jpg 300w, https:\/\/casadonacarmela.com\/wp-content\/uploads\/2020\/09\/tenerife-4152688_430-768x344.jpg 768w, https:\/\/casadonacarmela.com\/wp-content\/uploads\/2020\/09\/tenerife-4152688_430-705x316.jpg 705w\" sizes=\"(max-width: 960px) 100vw, 960px\" \/><\/div><\/li><\/ul><div class='avia-slideshow-arrows avia-slideshow-controls' ><a href='#prev' class='prev-slide' aria-hidden='true' data-av_icon='\ue87c' data-av_iconfont='entypo-fontello'  tabindex='-1'>Previous<\/a><a href='#next' class='next-slide' aria-hidden='true' data-av_icon='\ue87d' data-av_iconfont='entypo-fontello'  tabindex='-1'>Next<\/a><\/div><div class='avia-slideshow-dots avia-slideshow-controls'><a href='#1' class='goto-slide active' >1<\/a><a href='#2' class='goto-slide' >2<\/a><a href='#3' class='goto-slide' >3<\/a><a href='#4' class='goto-slide' >4<\/a><a href='#5' class='goto-slide' >5<\/a><a href='#6' class='goto-slide' >6<\/a><a href='#7' class='goto-slide' >7<\/a><a href='#8' class='goto-slide' >8<\/a><a href='#9' class='goto-slide' >9<\/a><a href='#10' class='goto-slide' >10<\/a><a href='#11' class='goto-slide' >11<\/a><a href='#12' class='goto-slide' >12<\/a><a href='#13' class='goto-slide' >13<\/a><a href='#14' class='goto-slide' >14<\/a><a href='#15' class='goto-slide' >15<\/a><\/div><\/div><\/div><div id='after_full_slider_1'  class='main_color av_default_container_wrap container_wrap fullsize'  ><div class='container av-section-cont-open' ><div class='template-page content  av-content-full alpha units'><div class='post-entry post-entry-type-page post-entry-1146'><div class='entry-content-wrapper clearfix'>\n\n<style type=\"text\/css\" data-created_by=\"avia_inline_auto\" id=\"style-css-av-5ww7dm-1942333505488a96357aae531155391d\">\n.flex_column.av-5ww7dm-1942333505488a96357aae531155391d{\n-webkit-border-radius:0px 0px 0px 0px;\n-moz-border-radius:0px 0px 0px 0px;\nborder-radius:0px 0px 0px 0px;\n}\n<\/style>\n<div class='flex_column av-5ww7dm-1942333505488a96357aae531155391d av_one_third  avia-builder-el-1  el_after_av_slideshow_full  el_before_av_one_third  avia-builder-el-first  first flex_column_div av-zero-column-padding'     ><p>\n<style type=\"text\/css\" data-created_by=\"avia_inline_auto\" id=\"style-css-av-5pu056-800c63617ea335a7c83906d21070f6a4\">\n#top .av-special-heading.av-5pu056-800c63617ea335a7c83906d21070f6a4{\npadding-bottom:10px;\n}\nbody .av-special-heading.av-5pu056-800c63617ea335a7c83906d21070f6a4 .av-special-heading-tag .heading-char{\nfont-size:25px;\n}\n.av-special-heading.av-5pu056-800c63617ea335a7c83906d21070f6a4 .av-subheading{\nfont-size:15px;\n}\n<\/style>\n<div  class='av-special-heading av-5pu056-800c63617ea335a7c83906d21070f6a4 av-special-heading-h1  avia-builder-el-2  el_before_av_hr  avia-builder-el-first'><h1 class='av-special-heading-tag'  itemprop=\"headline\"  >Santa Cruz and the North of the island<\/h1><div class=\"special-heading-border\"><div class=\"special-heading-inner-border\"><\/div><\/div><\/div><br \/>\n\n<style type=\"text\/css\" data-created_by=\"avia_inline_auto\" id=\"style-css-av-kdg2gfai-a951df35f2b4e5b0ff12a801f17fb184\">\n#top .hr.hr-invisible.av-kdg2gfai-a951df35f2b4e5b0ff12a801f17fb184{\nheight:50px;\n}\n<\/style>\n<div  class='hr av-kdg2gfai-a951df35f2b4e5b0ff12a801f17fb184 hr-invisible  avia-builder-el-3  el_after_av_heading  el_before_av_textblock'><span class='hr-inner'><span class=\"hr-inner-style\"><\/span><\/span><\/div><br \/>\n<section  class='av_textblock_section av-kdetrbrh-bf64595f97660c1a66287afadb8c1cbc'  itemscope=\"itemscope\" itemtype=\"https:\/\/schema.org\/CreativeWork\" ><div class='avia_textblock'  itemprop=\"text\" ><p style=\"text-align: left;\">Located at<strong><span style=\"color: #808080;\"> northeast<\/span> <\/strong>from the island of Tenerife, the capital shows the signs of time and history that spans more than five centuries. A <strong><span style=\"color: #808080;\">garden City<\/span><\/strong> that alternates a small <strong><span style=\"color: #808080;\">colonial nucleus <\/span><\/strong>With elegant stately villas, Santa Cruz offers a perfect cocktail of beach, culture, restaurants and entertainment.&nbsp;<\/p>\n<p style=\"text-align: left;\">From the city, has easy access to the <strong><span style=\"color: #808080;\">north of the island.<\/span><\/strong> Discover wild beaches, dizzying landscapes, nature in its purest form, charming villages with unique architecture and its famous <strong><span style=\"color: #808080;\">&quot;guachinches&quot;<\/span><\/strong>, where you can taste the real local gastronomy.<\/p>\n<p style=\"text-align: left;\">Thanks to its <strong><span style=\"color: #808080;\">climate <\/span><\/strong>almost perfect, Santa Cruz is a city where people spend<strong> <span style=\"color: #808080;\">all year<\/span><\/strong> round enjoying the open air, its parks, its walks surrounded by vegetation and its terraces.<\/p>\n<\/div><\/section><\/p><\/div>\n\n<style type=\"text\/css\" data-created_by=\"avia_inline_auto\" id=\"style-css-av-3hkk2y-4f39424d7a1ac2a0c964ef9e21514223\">\n.flex_column.av-3hkk2y-4f39424d7a1ac2a0c964ef9e21514223{\n-webkit-border-radius:0px 0px 0px 0px;\n-moz-border-radius:0px 0px 0px 0px;\nborder-radius:0px 0px 0px 0px;\n}\n<\/style>\n<div class='flex_column av-3hkk2y-4f39424d7a1ac2a0c964ef9e21514223 av_one_third  avia-builder-el-5  el_after_av_one_third  el_before_av_one_third  flex_column_div av-zero-column-padding'     ><p>\n<style type=\"text\/css\" data-created_by=\"avia_inline_auto\" id=\"style-css-av-3w2gnu-3a434e041cc1a9fce79cfceef493dce7\">\n#top .av-special-heading.av-3w2gnu-3a434e041cc1a9fce79cfceef493dce7{\npadding-bottom:10px;\n}\nbody .av-special-heading.av-3w2gnu-3a434e041cc1a9fce79cfceef493dce7 .av-special-heading-tag .heading-char{\nfont-size:25px;\n}\n.av-special-heading.av-3w2gnu-3a434e041cc1a9fce79cfceef493dce7 .av-subheading{\nfont-size:15px;\n}\n<\/style>\n<div  class='av-special-heading av-3w2gnu-3a434e041cc1a9fce79cfceef493dce7 av-special-heading-h1  avia-builder-el-6  el_before_av_hr  avia-builder-el-first'><h1 class='av-special-heading-tag'  itemprop=\"headline\"  >Shopping<\/h1><div class=\"special-heading-border\"><div class=\"special-heading-inner-border\"><\/div><\/div><\/div><br \/>\n\n<style type=\"text\/css\" data-created_by=\"avia_inline_auto\" id=\"style-css-av-kdg2gfai-7-3a75049425382747a436f2ace9101741\">\n#top .hr.hr-invisible.av-kdg2gfai-7-3a75049425382747a436f2ace9101741{\nheight:50px;\n}\n<\/style>\n<div  class='hr av-kdg2gfai-7-3a75049425382747a436f2ace9101741 hr-invisible  avia-builder-el-7  el_after_av_heading  el_before_av_textblock'><span class='hr-inner'><span class=\"hr-inner-style\"><\/span><\/span><\/div><br \/>\n<section  class='av_textblock_section av-kdetrbrh-6-fcf2e6e25b99d2fec2c0ef5de9029d64'  itemscope=\"itemscope\" itemtype=\"https:\/\/schema.org\/CreativeWork\" ><div class='avia_textblock'  itemprop=\"text\" ><p>The main commercial area of Santa Cruz is the<span style=\"color: #333333;\"><strong><span style=\"color: #808080;\"> Calle del Castillo<\/span><\/strong>,<\/span> However, it is also worthy to explore Su\u00e1rez Guerra, to have some tapas in the Callej\u00f3n de Combate and walking along the pedestrian streets <strong><span style=\"color: #808080;\">Viera y Clavijo and P\u00e9rez Gald\u00f3s, <\/span><\/strong>where you can see interesting shops. For a quick walk or last minute shopping, Bethencourt Alfonso street offers us its shoe shops, electronics bazaars and tobacconists. You can then take a break in the Cafeteria El \u00c1guila or in the <span style=\"color: #333333;\"><strong><span style=\"color: #808080;\">Plaza del Pr\u00edncipe<\/span><\/strong>.<\/span><\/p>\n<p>In the<strong> <span style=\"color: #808080;\">Market of<\/span> <span style=\"color: #808080;\">Our Lady of Africa<\/span> <\/strong>there is the possibility to buy local products such as wines, cheeses, honeys, etc. We also recommend a visit to the <strong><span style=\"color: #808080;\">TEA <\/span><\/strong>Shop, where you will find a wide range of products created by local artisans, in a large and bright space, the perfect showcase for marketing. You can finish your shopping with an aperitif at the famous Caf\u00e9 Atl\u00e1ntico in Plaza de Espa\u00f1a<\/p>\n<\/div><\/section><\/p><\/div>\n\n<style type=\"text\/css\" data-created_by=\"avia_inline_auto\" id=\"style-css-av-24hd96-dbc1f96d7746a88b5d35bac9d16a2879\">\n.flex_column.av-24hd96-dbc1f96d7746a88b5d35bac9d16a2879{\n-webkit-border-radius:0px 0px 0px 0px;\n-moz-border-radius:0px 0px 0px 0px;\nborder-radius:0px 0px 0px 0px;\n}\n<\/style>\n<div class='flex_column av-24hd96-dbc1f96d7746a88b5d35bac9d16a2879 av_one_third  avia-builder-el-9  el_after_av_one_third  avia-builder-el-last  flex_column_div av-zero-column-padding'     ><p>\n<style type=\"text\/css\" data-created_by=\"avia_inline_auto\" id=\"style-css-av-2akuhm-834f85017494ceaa029ecee7bd5585f9\">\n#top .av-special-heading.av-2akuhm-834f85017494ceaa029ecee7bd5585f9{\npadding-bottom:10px;\n}\nbody .av-special-heading.av-2akuhm-834f85017494ceaa029ecee7bd5585f9 .av-special-heading-tag .heading-char{\nfont-size:25px;\n}\n.av-special-heading.av-2akuhm-834f85017494ceaa029ecee7bd5585f9 .av-subheading{\nfont-size:15px;\n}\n<\/style>\n<div  class='av-special-heading av-2akuhm-834f85017494ceaa029ecee7bd5585f9 av-special-heading-h1  avia-builder-el-10  el_before_av_hr  avia-builder-el-first'><h1 class='av-special-heading-tag'  itemprop=\"headline\"  >Beaches<\/h1><div class=\"special-heading-border\"><div class=\"special-heading-inner-border\"><\/div><\/div><\/div><br \/>\n\n<style type=\"text\/css\" data-created_by=\"avia_inline_auto\" id=\"style-css-av-kdg2gfai-5-15406007e46676aab4be9dbd4c829305\">\n#top .hr.hr-invisible.av-kdg2gfai-5-15406007e46676aab4be9dbd4c829305{\nheight:50px;\n}\n<\/style>\n<div  class='hr av-kdg2gfai-5-15406007e46676aab4be9dbd4c829305 hr-invisible  avia-builder-el-11  el_after_av_heading  el_before_av_textblock'><span class='hr-inner'><span class=\"hr-inner-style\"><\/span><\/span><\/div><br \/>\n<section  class='av_textblock_section av-kdetrbrh-4-6dcce84344e52527db0c7cf1b264f1cf'  itemscope=\"itemscope\" itemtype=\"https:\/\/schema.org\/CreativeWork\" ><div class='avia_textblock'  itemprop=\"text\" ><p>The <strong><span style=\"color: #808080;\">Beach of Las Teresitas <\/span><\/strong>is only eight kilometers far from the city, well connected by bus. Nearby is <strong><span style=\"color: #808080;\">also the Beach of Las Gaviotas<\/span><\/strong>, a small beach of black volcanic sand, very popular among the locals for sports such as surfing or bodyboarding. Las Gaviotas beach is also known for its nudism.<\/p>\n<p>The <strong><span style=\"color: #808080;\">Benijo Beach<\/span><\/strong> is one of the most spectacular on the island. Accompanied by Roque Benijo and Roque La Rapadura, they make this beach a very fascinating oasis. It<span style=\"color: #999999;\"> has black sand,<\/span> and is located under the hamlet of Benijo,on the north coast of Tenerife, in the Anaga massif.<\/p>\n<div class=\"item_content\"><main>&nbsp;<\/main><\/p>\n<div id=\"ctl00_m_g_4c811b5a_f666_4c5e_8fb6_c5429f5e3555\">\n<div class=\"block_2col\">\n<div class=\"col_70\">\n<article class=\"block_contenidos\">Discover the <strong><span style=\"color: #808080;\">Antequera beach<\/span><\/strong> is to discover one of the most remote corners of the island. You can only reach it through a path that is difficult to access or by sea. It is worth visiting so that you can enjoy the extraordinary landscape next to the cliff of the Anaga massif merging with the rock that gives its name to the beach. The <strong><span style=\"color: #808080;\">Los Patos Beach,<\/span><\/strong> is another of the wild black sand beaches that you can explore in the north. Located in the spectacular valley of La Orotava, with Teide in the background, the volcanic sand of this virgin beach becomes gigantic in summer and at low tide it leave.s one of the largest bathing areas in the north<\/p>\n<\/article>\n<\/div>\n<\/div>\n<\/div>\n<\/div>\n<\/div><\/section><\/p><\/div>","protected":false},"excerpt":{"rendered":"","protected":false},"author":3,"featured_media":0,"parent":0,"menu_order":0,"comment_status":"closed","ping_status":"closed","template":"","meta":{"_joinchat":[],"footnotes":""},"class_list":["post-1146","page","type-page","status-publish","hentry"],"_links":{"self":[{"href":"https:\/\/casadonacarmela.com\/en\/wp-json\/wp\/v2\/pages\/1146","targetHints":{"allow":["GET"]}}],"collection":[{"href":"https:\/\/casadonacarmela.com\/en\/wp-json\/wp\/v2\/pages"}],"about":[{"href":"https:\/\/casadonacarmela.com\/en\/wp-json\/wp\/v2\/types\/page"}],"author":[{"embeddable":true,"href":"https:\/\/casadonacarmela.com\/en\/wp-json\/wp\/v2\/users\/3"}],"replies":[{"embeddable":true,"href":"https:\/\/casadonacarmela.com\/en\/wp-json\/wp\/v2\/comments?post=1146"}],"version-history":[{"count":0,"href":"https:\/\/casadonacarmela.com\/en\/wp-json\/wp\/v2\/pages\/1146\/revisions"}],"wp:attachment":[{"href":"https:\/\/casadonacarmela.com\/en\/wp-json\/wp\/v2\/media?parent=1146"}],"curies":[{"name":"wp","href":"https:\/\/api.w.org\/{rel}","templated":true}]}}