{"id":1005,"date":"2020-05-07T16:12:11","date_gmt":"2020-05-07T16:12:11","guid":{"rendered":"https:\/\/casadonacarmela.com\/?page_id=1005"},"modified":"2022-09-29T17:12:56","modified_gmt":"2022-09-29T16:12:56","slug":"objetivo-0-residuos","status":"publish","type":"page","link":"https:\/\/casadonacarmela.com\/en\/objetivo-0-residuos","title":{"rendered":"\u201c0 Waste\u201d Objective"},"content":{"rendered":"<div class=\"wp-block-image\">\r\n<figure class=\"aligncenter size-large is-resized\"><img loading=\"lazy\" decoding=\"async\" class=\"size-medium wp-image-2345 aligncenter\" src=\"https:\/\/casadonacarmela.com\/wp-content\/uploads\/2022\/09\/zero-waste-300x300.jpg\" alt=\"\" width=\"300\" height=\"300\" srcset=\"https:\/\/casadonacarmela.com\/wp-content\/uploads\/2022\/09\/zero-waste-300x300.jpg 300w, https:\/\/casadonacarmela.com\/wp-content\/uploads\/2022\/09\/zero-waste-80x80.jpg 80w, https:\/\/casadonacarmela.com\/wp-content\/uploads\/2022\/09\/zero-waste-12x12.jpg 12w, https:\/\/casadonacarmela.com\/wp-content\/uploads\/2022\/09\/zero-waste-36x36.jpg 36w, https:\/\/casadonacarmela.com\/wp-content\/uploads\/2022\/09\/zero-waste-180x180.jpg 180w, https:\/\/casadonacarmela.com\/wp-content\/uploads\/2022\/09\/zero-waste.jpg 612w\" sizes=\"auto, (max-width: 300px) 100vw, 300px\" \/><\/figure>\r\n<\/div>\r\n\r\n\r\n\r\n<p class=\"has-text-align-center\"><strong>OUR FUNDAMENTAL BELIEFS AND THE MOST IMPORTANT VALUES<\/strong><\/p>\r\n\r\n\r\n\r\n<p>\u00bf<strong>About us?<\/strong><\/p>\r\n\r\n\r\n\r\n<p>Casa Do\u00f1a Carmela is a pilot project that follows economic development models focused on sustainability and caring for the Environment. Our attention is directed towards the circular economy, Km 0, fair trade and respect for people with the ambition not to produce waste while doing business:<\/p>\r\n\r\n\r\n\r\n<p>\u00bf<strong>What do we do?<\/strong><\/p>\r\n\r\n\r\n\r\n<p class=\"translation-block\"><strong data-rich-text-format-boundary=\"true\">Reuse, Recycle, Recover and Reduce<\/strong> are the axes towards which we guide all actions involving our clients, suppliers and our entire environment. Our environmental awareness is 360\u00ba; We have been committed to including this commitment in our business management since our foundation in April 2017.<\/p>\r\n\r\n\r\n\r\n<p>\u00bf<strong>How do we do it?<\/strong><\/p>\r\n\r\n\r\n\r\n<p class=\"has-text-align-center\"><strong>THE CIRCULAR ECONOMY OF DECORATION AND KNOWLEDGE: ANOTHER LIFE FOR FURNITURE AND BOOKS.<\/strong><\/p>\r\n\r\n\r\n\r\n<p>The 95% of all the decoration of the House comes from furniture that already existed; We always bet to take advantage of what exists before buying something new. &nbsp;<\/p>\r\n\r\n\r\n\r\n<p>A library with almost 1,000 books, in various languages, rescued among our friends and neighbors and that is also enriched every day thanks to our guests who invite them to leave their books when they have finished.<\/p>\r\n\r\n\r\n\r\n<p><strong>LOCAL PURCHASING: THE ENVIRONMENTAL AND ECONOMIC BENEFITS OF CONSUMPTION AT KM 0<\/strong><\/p>\r\n\r\n\r\n\r\n<p>At Casa Do\u00f1a Carmela we are very involved with our environment: the community, suppliers and the Environment; for this reason we assume and promote more responsible consumption models such as local commerce. Our guests will have the opportunity to taste local products and learn about the artistic work of our craftsman.<\/p>\r\n\r\n\r\n\r\n<div class=\"wp-block-image\">\r\n<figure class=\"aligncenter size-large is-resized\"><img loading=\"lazy\" decoding=\"async\" class=\"wp-image-2356 aligncenter\" src=\"https:\/\/casadonacarmela.com\/wp-content\/uploads\/2022\/09\/LOGOCANARIO2-300x289.png\" alt=\"\" width=\"185\" height=\"178\" srcset=\"https:\/\/casadonacarmela.com\/wp-content\/uploads\/2022\/09\/LOGOCANARIO2-300x289.png 300w, https:\/\/casadonacarmela.com\/wp-content\/uploads\/2022\/09\/LOGOCANARIO2-12x12.png 12w, https:\/\/casadonacarmela.com\/wp-content\/uploads\/2022\/09\/LOGOCANARIO2-36x36.png 36w, https:\/\/casadonacarmela.com\/wp-content\/uploads\/2022\/09\/LOGOCANARIO2.png 672w\" sizes=\"auto, (max-width: 185px) 100vw, 185px\" \/><\/figure>\r\n<\/div>\r\n\r\n\r\n\r\n<p class=\"has-text-align-center\">#yocomprocanario<\/p>\r\n\r\n\r\n\r\n<p>We remind you that our mission is to support the local economy. For this reason, we want to offer you the privilege of meeting a selection of local artists, designers and artisans. Following our premise of sustainability and responsibility. All products are unique pieces that come from scrap material.<\/p>\r\n<p>We also offer you the possibility to visit the studios of our artists in order to have a deeper knowledge about what you are buying.<br><br><\/p>\r\n<p style=\"text-align: center;\"><em>Ask us for more information.<\/em><\/p>","protected":false},"excerpt":{"rendered":"<p>NUESTRAS CREENCIAS FUNDAMENTALES Y LOS VALORES M\u00c1S IMPORTANTES \u00bfQui\u00e9nes Somos? Casa Do\u00f1a Carmela es un proyecto piloto que sigue modelos de desarrollo econ\u00f3micos enfocados en la sostenibilidad y al cuidado del Medio Ambiente. Nuestra atenci\u00f3n se dirige hacia la econom\u00eda circular, Km 0, al comercio justo y&nbsp; el respeto a las personas con la ambici\u00f3n [&hellip;]<\/p>\n","protected":false},"author":3,"featured_media":0,"parent":0,"menu_order":0,"comment_status":"closed","ping_status":"closed","template":"","meta":{"_joinchat":[],"footnotes":""},"class_list":["post-1005","page","type-page","status-publish","hentry"],"_links":{"self":[{"href":"https:\/\/casadonacarmela.com\/en\/wp-json\/wp\/v2\/pages\/1005","targetHints":{"allow":["GET"]}}],"collection":[{"href":"https:\/\/casadonacarmela.com\/en\/wp-json\/wp\/v2\/pages"}],"about":[{"href":"https:\/\/casadonacarmela.com\/en\/wp-json\/wp\/v2\/types\/page"}],"author":[{"embeddable":true,"href":"https:\/\/casadonacarmela.com\/en\/wp-json\/wp\/v2\/users\/3"}],"replies":[{"embeddable":true,"href":"https:\/\/casadonacarmela.com\/en\/wp-json\/wp\/v2\/comments?post=1005"}],"version-history":[{"count":1,"href":"https:\/\/casadonacarmela.com\/en\/wp-json\/wp\/v2\/pages\/1005\/revisions"}],"predecessor-version":[{"id":2523,"href":"https:\/\/casadonacarmela.com\/en\/wp-json\/wp\/v2\/pages\/1005\/revisions\/2523"}],"wp:attachment":[{"href":"https:\/\/casadonacarmela.com\/en\/wp-json\/wp\/v2\/media?parent=1005"}],"curies":[{"name":"wp","href":"https:\/\/api.w.org\/{rel}","templated":true}]}}