{"id":1507,"date":"2020-08-04T07:25:45","date_gmt":"2020-08-04T07:25:45","guid":{"rendered":"https:\/\/casadonacarmela.com\/?page_id=1507"},"modified":"2026-05-02T17:34:59","modified_gmt":"2026-05-02T16:34:59","slug":"haus-frau-carmela","status":"publish","type":"page","link":"https:\/\/casadonacarmela.com\/de\/casa-dona-carmela","title":{"rendered":"Casa Do\u00f1a Carmela"},"content":{"rendered":"<style type=\"text\/css\" data-created_by=\"avia_inline_auto\" id=\"style-css-av-1rcc7n-4adaddbfde60586d46d39a34536bf3b5\">\n.flex_column.av-1rcc7n-4adaddbfde60586d46d39a34536bf3b5{\n-webkit-border-radius:0px 0px 0px 0px;\n-moz-border-radius:0px 0px 0px 0px;\nborder-radius:0px 0px 0px 0px;\n}\n<\/style>\n<div class='flex_column av-1rcc7n-4adaddbfde60586d46d39a34536bf3b5 av_one_full  avia-builder-el-0  el_before_av_two_third  avia-builder-el-first  first flex_column_div av-zero-column-padding'     ><style type=\"text\/css\" data-created_by=\"avia_inline_auto\" id=\"style-css-av-kdfm9bmk-d2888d0388c31a9e9e3b6eb1de7ec34e\">\n.avia-accordion.av-kdfm9bmk-d2888d0388c31a9e9e3b6eb1de7ec34e{\nmax-height:684px;\n}\n.avia-accordion.av-kdfm9bmk-d2888d0388c31a9e9e3b6eb1de7ec34e .aviaccordion-preview{\nwidth:25.1%;\n}\n.avia-accordion .aviaccordion-slide.av-kdfm9bmk-d2888d0388c31a9e9e3b6eb1de7ec34e__0{\nleft:0%;\n}\n.avia-accordion .aviaccordion-slide.av-kdfm9bmk-d2888d0388c31a9e9e3b6eb1de7ec34e__1{\nleft:25%;\n}\n.avia-accordion .aviaccordion-slide.av-kdfm9bmk-d2888d0388c31a9e9e3b6eb1de7ec34e__2{\nleft:50%;\n}\n.avia-accordion .aviaccordion-slide.av-kdfm9bmk-d2888d0388c31a9e9e3b6eb1de7ec34e__3{\nleft:75%;\n}\n<\/style>\n<div  id=\"accordion_slider_1\"  class='aviaccordion avia-accordion av-kdfm9bmk-d2888d0388c31a9e9e3b6eb1de7ec34e aviaccordion-title-active av-slideshow-manual av-loop-once' data-slideshow-options=\"{&quot;interval&quot;:5,&quot;autoplay&quot;:false,&quot;loop_autoplay&quot;:&quot;once&quot;}\"  itemscope=\"itemscope\" itemtype=\"https:\/\/schema.org\/Blog\" ><ul class=\"aviaccordion-inner\"><li class='aviaccordion-slide av-kdfm9bmk-d2888d0388c31a9e9e3b6eb1de7ec34e__0 aviaccordion-slide-1' data-av-left='0'  itemscope=\"itemscope\" itemtype=\"https:\/\/schema.org\/CreativeWork\" ><a class='aviaccordion-slide-link noHover' href=\"https:\/\/casadonacarmela.com\/wp-content\/uploads\/2020\/08\/028barrio-1030x697.jpg\" data-srcset=\"https:\/\/casadonacarmela.com\/wp-content\/uploads\/2020\/08\/028barrio-1030x697.jpg 1030w, https:\/\/casadonacarmela.com\/wp-content\/uploads\/2020\/08\/028barrio-300x203.jpg 300w, https:\/\/casadonacarmela.com\/wp-content\/uploads\/2020\/08\/028barrio-768x520.jpg 768w, https:\/\/casadonacarmela.com\/wp-content\/uploads\/2020\/08\/028barrio-705x477.jpg 705w, https:\/\/casadonacarmela.com\/wp-content\/uploads\/2020\/08\/028barrio.jpg 1421w\" data-sizes=\"(max-width: 1030px) 100vw, 1030px\"  title=\"028 Nachbarschaft\" ><div class='aviaccordion-preview'><div class=\"aviaccordion-preview-title-pos\"><div class=\"aviaccordion-preview-title-wrap\"><div class=\"aviaccordion-preview-title\"><h3 class='aviaccordion-title'  itemprop=\"headline\" >Nachbarschaft von Salamanca. Santa Cruz von Teneriffa<\/h3><\/div><\/div><\/div><\/div><img loading=\"lazy\" decoding=\"async\" width=\"845\" height=\"684\" src=\"https:\/\/casadonacarmela.com\/wp-content\/uploads\/2020\/08\/028barrio-845x684.jpg\" class=\"aviaccordion-image\" alt=\"\" srcset=\"https:\/\/casadonacarmela.com\/wp-content\/uploads\/2020\/08\/028barrio-845x684.jpg 845w, https:\/\/casadonacarmela.com\/wp-content\/uploads\/2020\/08\/028barrio-495x400.jpg 495w\" sizes=\"auto, (max-width: 845px) 100vw, 845px\" \/><\/a><\/li><li class='aviaccordion-slide av-kdfm9bmk-d2888d0388c31a9e9e3b6eb1de7ec34e__1 aviaccordion-slide-2' data-av-left='25'  itemscope=\"itemscope\" itemtype=\"https:\/\/schema.org\/CreativeWork\" ><a class='aviaccordion-slide-link noHover' href=\"https:\/\/casadonacarmela.com\/wp-content\/uploads\/2020\/08\/003barrio-1030x741.jpg\" data-srcset=\"https:\/\/casadonacarmela.com\/wp-content\/uploads\/2020\/08\/003barrio-1030x741.jpg 1030w, https:\/\/casadonacarmela.com\/wp-content\/uploads\/2020\/08\/003barrio-300x216.jpg 300w, https:\/\/casadonacarmela.com\/wp-content\/uploads\/2020\/08\/003barrio-768x553.jpg 768w, https:\/\/casadonacarmela.com\/wp-content\/uploads\/2020\/08\/003barrio-705x507.jpg 705w, https:\/\/casadonacarmela.com\/wp-content\/uploads\/2020\/08\/003barrio.jpg 1452w\" data-sizes=\"(max-width: 1030px) 100vw, 1030px\"  title=\"003 Nachbarschaft\" ><div class='aviaccordion-preview'><div class=\"aviaccordion-preview-title-pos\"><div class=\"aviaccordion-preview-title-wrap\"><div class=\"aviaccordion-preview-title\"><h3 class='aviaccordion-title'  itemprop=\"headline\" >Nachbarschaft von Salamanca. Santa Cruz von Teneriffa<\/h3><\/div><\/div><\/div><\/div><img loading=\"lazy\" decoding=\"async\" width=\"845\" height=\"684\" src=\"https:\/\/casadonacarmela.com\/wp-content\/uploads\/2020\/08\/003barrio-845x684.jpg\" class=\"aviaccordion-image\" alt=\"\" srcset=\"https:\/\/casadonacarmela.com\/wp-content\/uploads\/2020\/08\/003barrio-845x684.jpg 845w, https:\/\/casadonacarmela.com\/wp-content\/uploads\/2020\/08\/003barrio-495x400.jpg 495w\" sizes=\"auto, (max-width: 845px) 100vw, 845px\" \/><\/a><\/li><li class='aviaccordion-slide av-kdfm9bmk-d2888d0388c31a9e9e3b6eb1de7ec34e__2 aviaccordion-slide-3' data-av-left='50'  itemscope=\"itemscope\" itemtype=\"https:\/\/schema.org\/CreativeWork\" ><a class='aviaccordion-slide-link noHover' href=\"https:\/\/casadonacarmela.com\/wp-content\/uploads\/2020\/08\/004barrio-1030x724.jpg\" data-srcset=\"https:\/\/casadonacarmela.com\/wp-content\/uploads\/2020\/08\/004barrio-1030x724.jpg 1030w, https:\/\/casadonacarmela.com\/wp-content\/uploads\/2020\/08\/004barrio-300x211.jpg 300w, https:\/\/casadonacarmela.com\/wp-content\/uploads\/2020\/08\/004barrio-768x540.jpg 768w, https:\/\/casadonacarmela.com\/wp-content\/uploads\/2020\/08\/004barrio-705x495.jpg 705w, https:\/\/casadonacarmela.com\/wp-content\/uploads\/2020\/08\/004barrio.jpg 1479w\" data-sizes=\"(max-width: 1030px) 100vw, 1030px\"  title=\"004 Nachbarschaft\" ><div class='aviaccordion-preview'><div class=\"aviaccordion-preview-title-pos\"><div class=\"aviaccordion-preview-title-wrap\"><div class=\"aviaccordion-preview-title\"><h3 class='aviaccordion-title'  itemprop=\"headline\" >Nachbarschaft von Salamanca. Santa Cruz von Teneriffa<\/h3><\/div><\/div><\/div><\/div><img loading=\"lazy\" decoding=\"async\" width=\"845\" height=\"684\" src=\"https:\/\/casadonacarmela.com\/wp-content\/uploads\/2020\/08\/004barrio-845x684.jpg\" class=\"aviaccordion-image\" alt=\"\" srcset=\"https:\/\/casadonacarmela.com\/wp-content\/uploads\/2020\/08\/004barrio-845x684.jpg 845w, https:\/\/casadonacarmela.com\/wp-content\/uploads\/2020\/08\/004barrio-495x400.jpg 495w\" sizes=\"auto, (max-width: 845px) 100vw, 845px\" \/><\/a><\/li><li class='aviaccordion-slide av-kdfm9bmk-d2888d0388c31a9e9e3b6eb1de7ec34e__3 aviaccordion-slide-4' data-av-left='75'  itemscope=\"itemscope\" itemtype=\"https:\/\/schema.org\/CreativeWork\" ><a class='aviaccordion-slide-link noHover' href=\"https:\/\/casadonacarmela.com\/wp-content\/uploads\/2020\/08\/005barrio-1030x650.jpg\" data-srcset=\"https:\/\/casadonacarmela.com\/wp-content\/uploads\/2020\/08\/005barrio-1030x650.jpg 1030w, https:\/\/casadonacarmela.com\/wp-content\/uploads\/2020\/08\/005barrio-300x189.jpg 300w, https:\/\/casadonacarmela.com\/wp-content\/uploads\/2020\/08\/005barrio-768x485.jpg 768w, https:\/\/casadonacarmela.com\/wp-content\/uploads\/2020\/08\/005barrio-1536x970.jpg 1536w, https:\/\/casadonacarmela.com\/wp-content\/uploads\/2020\/08\/005barrio-1500x947.jpg 1500w, https:\/\/casadonacarmela.com\/wp-content\/uploads\/2020\/08\/005barrio-705x445.jpg 705w, https:\/\/casadonacarmela.com\/wp-content\/uploads\/2020\/08\/005barrio.jpg 1574w\" data-sizes=\"(max-width: 1030px) 100vw, 1030px\"  title=\"005 Nachbarschaft\" ><div class='aviaccordion-preview'><div class=\"aviaccordion-preview-title-pos\"><div class=\"aviaccordion-preview-title-wrap\"><div class=\"aviaccordion-preview-title\"><h3 class='aviaccordion-title'  itemprop=\"headline\" >Nachbarschaft von Salamanca. Santa Cruz von Teneriffa<\/h3><\/div><\/div><\/div><\/div><img loading=\"lazy\" decoding=\"async\" width=\"845\" height=\"684\" src=\"https:\/\/casadonacarmela.com\/wp-content\/uploads\/2020\/08\/005barrio-845x684.jpg\" class=\"aviaccordion-image\" alt=\"\" srcset=\"https:\/\/casadonacarmela.com\/wp-content\/uploads\/2020\/08\/005barrio-845x684.jpg 845w, https:\/\/casadonacarmela.com\/wp-content\/uploads\/2020\/08\/005barrio-495x400.jpg 495w\" sizes=\"auto, (max-width: 845px) 100vw, 845px\" \/><\/a><\/li><\/ul><div class='aviaccordion-spacer' style='padding-bottom:80.94674556213%'><\/div><\/div><\/div>\n\n<style type=\"text\/css\" data-created_by=\"avia_inline_auto\" id=\"style-css-av-7fd5sj-557591d3030b4dd136470cd7861cd014\">\n.flex_column.av-7fd5sj-557591d3030b4dd136470cd7861cd014{\n-webkit-border-radius:0px 0px 0px 0px;\n-moz-border-radius:0px 0px 0px 0px;\nborder-radius:0px 0px 0px 0px;\n}\n<\/style>\n<div class='flex_column av-7fd5sj-557591d3030b4dd136470cd7861cd014 av_two_third  avia-builder-el-2  el_after_av_one_full  el_before_av_one_third  first flex_column_div av-zero-column-padding column-top-margin'     ><p>\n<style type=\"text\/css\" data-created_by=\"avia_inline_auto\" id=\"style-css-av-3st89f-31af434b7e9b4a5ce7a171acf87ac8fc\">\n#top .av-special-heading.av-3st89f-31af434b7e9b4a5ce7a171acf87ac8fc{\npadding-bottom:10px;\n}\nbody .av-special-heading.av-3st89f-31af434b7e9b4a5ce7a171acf87ac8fc .av-special-heading-tag .heading-char{\nfont-size:25px;\n}\n.av-special-heading.av-3st89f-31af434b7e9b4a5ce7a171acf87ac8fc .av-subheading{\nfont-size:15px;\n}\n<\/style>\n<div  class='av-special-heading av-3st89f-31af434b7e9b4a5ce7a171acf87ac8fc av-special-heading-h1  avia-builder-el-3  el_before_av_textblock  avia-builder-el-first'><h1 class='av-special-heading-tag'  itemprop=\"headline\"  >Casa Do\u00f1a Carmela<\/h1><div class=\"special-heading-border\"><div class=\"special-heading-inner-border\"><\/div><\/div><\/div><br \/>\n<section  class='av_textblock_section av-kdetrbrh-bf64595f97660c1a66287afadb8c1cbc'  itemscope=\"itemscope\" itemtype=\"https:\/\/schema.org\/CreativeWork\" ><div class='avia_textblock'  itemprop=\"text\" ><p style=\"text-align: justify;\">Casa Do\u00f1a Carmela befindet sich in einem <strong><span style=\"color: #999999;\">traditionelles kanarisches Haus<\/span><\/strong> Es stammt aus dem Jahr 1950. Es beh\u00e4lt seine Struktur, seine Fassade und viele der urspr\u00fcnglichen Merkmale bei. Es wurde 2019 renoviert, um den Komfort der Zimmer und Badezimmer zu verbessern.<\/p>\n<p style=\"text-align: justify;\">Das Haus bietet eine Fl\u00e4che von 200 m\u00b2 auf drei Etagen verteilt, zus\u00e4tzlich zu einem <strong><span style=\"color: #999999;\">st\u00e4dtische Terrasse<\/span><\/strong> 70 m\u00b2 in zwei H\u00f6hen. Im Erdgeschoss befinden sich die Rezeption und eine Innenk\u00fcche. Der erste und zweite Stock sind ganz dem gewidmet <strong><span style=\"color: #999999;\">3 Zimmer<\/span><\/strong>, jedes mit eigenem Bad. Die Terrasse ist mit bequemen Sesseln ausgestattet, die dank der Verbindung ideal zum Lesen oder Arbeiten sind <strong><span style=\"color: #999999;\">W-LAN<\/span><\/strong> hohe Geschwindigkeit, im ganzen Haus verf\u00fcgbar.<\/p>\n<p style=\"text-align: justify;\">Eine gro\u00dfe offene Treppe verbindet alle Stockwerke mit der Terrasse. Er <strong><span style=\"color: #999999;\">Solarium<\/span><\/strong> Es befindet sich oben auf dem Grundst\u00fcck und ist mit bequemen Liegest\u00fchlen und einer Dusche zum Abk\u00fchlen ausgestattet. Das Haus erm\u00f6glicht eine v\u00f6llige Trennung dank seiner Lage und einer Politik von <strong><span style=\"color: #999999;\">nur f\u00fcr Erwachsene<\/span><\/strong>.<\/p>\n<\/div><\/section><\/p><\/div>\n\n<style type=\"text\/css\" data-created_by=\"avia_inline_auto\" id=\"style-css-av-5xysjn-5f7b9fea6a4e7baafc031a39e3872561\">\n.flex_column.av-5xysjn-5f7b9fea6a4e7baafc031a39e3872561{\n-webkit-border-radius:0px 0px 0px 0px;\n-moz-border-radius:0px 0px 0px 0px;\nborder-radius:0px 0px 0px 0px;\n}\n<\/style>\n<div class='flex_column av-5xysjn-5f7b9fea6a4e7baafc031a39e3872561 av_one_third  avia-builder-el-5  el_after_av_two_third  avia-builder-el-last  flex_column_div av-zero-column-padding column-top-margin'     ><p>\n<style type=\"text\/css\" data-created_by=\"avia_inline_auto\" id=\"style-css-av-38thrn-27bd1f8ddf1975f9c87c98dfc61a4c52\">\n#top .av-special-heading.av-38thrn-27bd1f8ddf1975f9c87c98dfc61a4c52{\npadding-bottom:30px;\ncolor:#666666;\n}\nbody .av-special-heading.av-38thrn-27bd1f8ddf1975f9c87c98dfc61a4c52 .av-special-heading-tag .heading-char{\nfont-size:25px;\n}\n.av-special-heading.av-38thrn-27bd1f8ddf1975f9c87c98dfc61a4c52 .special-heading-inner-border{\nborder-color:#666666;\n}\n.av-special-heading.av-38thrn-27bd1f8ddf1975f9c87c98dfc61a4c52 .av-subheading{\nfont-size:15px;\n}\n<\/style>\n<div  class='av-special-heading av-38thrn-27bd1f8ddf1975f9c87c98dfc61a4c52 av-special-heading-h4 custom-color-heading  avia-builder-el-6  el_before_av_hr  avia-builder-el-first'><h4 class='av-special-heading-tag'  itemprop=\"headline\"  >Wir haben online Hunderte von Kommentaren von zufriedenen G\u00e4sten erhalten.<\/h4><div class=\"special-heading-border\"><div class=\"special-heading-inner-border\"><\/div><\/div><\/div><br \/>\n\n<style type=\"text\/css\" data-created_by=\"avia_inline_auto\" id=\"style-css-av-kdg1og0v-b7377d78756633af61bfa3e2b7395edd\">\n#top .hr.hr-invisible.av-kdg1og0v-b7377d78756633af61bfa3e2b7395edd{\nheight:50px;\n}\n<\/style>\n<div  class='hr av-kdg1og0v-b7377d78756633af61bfa3e2b7395edd hr-invisible  avia-builder-el-7  el_after_av_heading  el_before_av_textblock'><span class='hr-inner'><span class=\"hr-inner-style\"><\/span><\/span><\/div><br \/>\n<section  class='av_textblock_section av-kdfn3bx5-2d6f137343901666224676332bc2d963'  itemscope=\"itemscope\" itemtype=\"https:\/\/schema.org\/CreativeWork\" ><div class='avia_textblock'  itemprop=\"text\" ><p style=\"text-align: justify;\">Unser G\u00e4stehaus ist <strong><span style=\"color: #999999;\">Sehr empfehlenswert<\/span><\/strong> auf TripAdvisor, Booking.com<\/p>\n<p style=\"text-align: justify;\">Das Casa Do\u00f1a Carmela befindet sich im oberen Teil des Stadtteils Salamanca in einer ruhigen und entspannten Umgebung, nur 10 Gehminuten vom Herzen des Stadtzentrums entfernt. Wir befinden uns in einer pulsierenden Gegend mit vielen Restaurants, Caf\u00e9s und Gesch\u00e4ften.<\/p>\n<p style=\"text-align: justify;\">Wir k\u00f6nnen mit touristischen Informationen helfen, unser F\u00fchrer wird zur Verf\u00fcgung gestellt <strong><span style=\"color: #999999;\">Santa Cruz Geschichte<\/span><\/strong>, mit allen Karten und Tipps. Wir k\u00f6nnen auch Ihre Tickets ausdrucken und Ihr Gep\u00e4ck aufbewahren.<\/p>\n<\/div><\/section><\/p><\/div>","protected":false},"excerpt":{"rendered":"","protected":false},"author":3,"featured_media":0,"parent":0,"menu_order":0,"comment_status":"closed","ping_status":"closed","template":"","meta":{"_joinchat":[],"footnotes":""},"class_list":["post-1507","page","type-page","status-publish","hentry"],"_links":{"self":[{"href":"https:\/\/casadonacarmela.com\/de\/wp-json\/wp\/v2\/pages\/1507","targetHints":{"allow":["GET"]}}],"collection":[{"href":"https:\/\/casadonacarmela.com\/de\/wp-json\/wp\/v2\/pages"}],"about":[{"href":"https:\/\/casadonacarmela.com\/de\/wp-json\/wp\/v2\/types\/page"}],"author":[{"embeddable":true,"href":"https:\/\/casadonacarmela.com\/de\/wp-json\/wp\/v2\/users\/3"}],"replies":[{"embeddable":true,"href":"https:\/\/casadonacarmela.com\/de\/wp-json\/wp\/v2\/comments?post=1507"}],"version-history":[{"count":4,"href":"https:\/\/casadonacarmela.com\/de\/wp-json\/wp\/v2\/pages\/1507\/revisions"}],"predecessor-version":[{"id":2467,"href":"https:\/\/casadonacarmela.com\/de\/wp-json\/wp\/v2\/pages\/1507\/revisions\/2467"}],"wp:attachment":[{"href":"https:\/\/casadonacarmela.com\/de\/wp-json\/wp\/v2\/media?parent=1507"}],"curies":[{"name":"wp","href":"https:\/\/api.w.org\/{rel}","templated":true}]}}