{"id":1005,"date":"2020-05-07T16:12:11","date_gmt":"2020-05-07T16:12:11","guid":{"rendered":"https:\/\/casadonacarmela.com\/?page_id=1005"},"modified":"2022-09-29T17:12:56","modified_gmt":"2022-09-29T16:12:56","slug":"objetivo-0-residuos","status":"publish","type":"page","link":"https:\/\/casadonacarmela.com\/de\/objetivo-0-residuos","title":{"rendered":"\u201e0 Waste\u201c-Ziel"},"content":{"rendered":"<div class=\"wp-block-image\">\r\n<figure class=\"aligncenter size-large is-resized\"><img loading=\"lazy\" decoding=\"async\" class=\"size-medium wp-image-2345 aligncenter\" src=\"https:\/\/casadonacarmela.com\/wp-content\/uploads\/2022\/09\/zero-waste-300x300.jpg\" alt=\"\" width=\"300\" height=\"300\" srcset=\"https:\/\/casadonacarmela.com\/wp-content\/uploads\/2022\/09\/zero-waste-300x300.jpg 300w, https:\/\/casadonacarmela.com\/wp-content\/uploads\/2022\/09\/zero-waste-80x80.jpg 80w, https:\/\/casadonacarmela.com\/wp-content\/uploads\/2022\/09\/zero-waste-12x12.jpg 12w, https:\/\/casadonacarmela.com\/wp-content\/uploads\/2022\/09\/zero-waste-36x36.jpg 36w, https:\/\/casadonacarmela.com\/wp-content\/uploads\/2022\/09\/zero-waste-180x180.jpg 180w, https:\/\/casadonacarmela.com\/wp-content\/uploads\/2022\/09\/zero-waste.jpg 612w\" sizes=\"auto, (max-width: 300px) 100vw, 300px\" \/><\/figure>\r\n<\/div>\r\n\r\n\r\n\r\n<p class=\"has-text-align-center\"><strong>UNSERE GRUNDLEGENDEN GLAUBEN UND DIE WICHTIGSTEN WERTE<\/strong><\/p>\r\n\r\n\r\n\r\n<p>\u00bf<strong>\u00dcber uns?<\/strong><\/p>\r\n\r\n\r\n\r\n<p>Casa Do\u00f1a Carmela ist ein Pilotprojekt, das wirtschaftlichen Entwicklungsmodellen folgt, die auf Nachhaltigkeit und Umweltschutz ausgerichtet sind. Unsere Aufmerksamkeit richtet sich auf die Kreislaufwirtschaft, km 0, fairen Handel und Respekt f\u00fcr Menschen mit dem Ehrgeiz, w\u00e4hrend der Gesch\u00e4ftst\u00e4tigkeit keinen Abfall zu produzieren:<\/p>\r\n\r\n\r\n\r\n<p>\u00bf<strong>Was machen wir?<\/strong><\/p>\r\n\r\n\r\n\r\n<p class=\"translation-block\"><strong data-rich-text-format-boundary=\"true\">Wiederverwenden, Recyceln, Wiederherstellen und Reduzieren<\/strong> sind die Achsen, an denen wir alle Handlungen unserer Kunden, Lieferanten und unserer gesamten Umwelt ausrichten. Unser Umweltbewusstsein erstreckt sich \u00fcber 360\u00b0; Seit unserer Gr\u00fcndung im April 2017 ist es uns ein Anliegen, dieses Engagement in unsere Unternehmensf\u00fchrung einzubinden.<\/p>\r\n\r\n\r\n\r\n<p>\u00bf<strong>Wie machen wir es?<\/strong><\/p>\r\n\r\n\r\n\r\n<p class=\"has-text-align-center\"><strong>DIE KREISWIRTSCHAFT DER DEKORATION UND DES WISSENS: EIN ANDERES LEBEN F\u00dcR M\u00d6BEL UND B\u00dcCHER.<\/strong><\/p>\r\n\r\n\r\n\r\n<p>Der 95% aller Dekorationen des Hauses stammt von bereits vorhandenen M\u00f6beln; Wir wetten immer, um das zu nutzen, was existiert, bevor wir etwas Neues kaufen. &nbsp;<\/p>\r\n\r\n\r\n\r\n<p>Eine Bibliothek mit fast 1.000 B\u00fcchern in verschiedenen Sprachen, die unter unseren Freunden und Nachbarn gerettet wurde. Dies wird auch jeden Tag durch unsere G\u00e4ste bereichert, die sie einladen, ihre B\u00fccher zu verlassen, wenn sie fertig sind.<\/p>\r\n\r\n\r\n\r\n<p><strong>LOKALER KAUF: DIE UMWELT- UND WIRTSCHAFTLICHEN VORTEILE DES VERBRAUCHS BEI KM 0<\/strong><\/p>\r\n\r\n\r\n\r\n<p>In der Casa Do\u00f1a Carmela engagieren wir uns sehr f\u00fcr unsere Umwelt: die Gemeinde, die Lieferanten und die Umwelt; Aus diesem Grund \u00fcbernehmen wir verantwortungsbewusstere Konsummodelle wie den lokalen Handel und f\u00f6rdern diese. Unsere G\u00e4ste haben die M\u00f6glichkeit, lokale Produkte zu probieren und die k\u00fcnstlerische Arbeit unseres Handwerkers kennenzulernen.<\/p>\r\n\r\n\r\n\r\n<div class=\"wp-block-image\">\r\n<figure class=\"aligncenter size-large is-resized\"><img loading=\"lazy\" decoding=\"async\" class=\"wp-image-2356 aligncenter\" src=\"https:\/\/casadonacarmela.com\/wp-content\/uploads\/2022\/09\/LOGOCANARIO2-300x289.png\" alt=\"\" width=\"185\" height=\"178\" srcset=\"https:\/\/casadonacarmela.com\/wp-content\/uploads\/2022\/09\/LOGOCANARIO2-300x289.png 300w, https:\/\/casadonacarmela.com\/wp-content\/uploads\/2022\/09\/LOGOCANARIO2-12x12.png 12w, https:\/\/casadonacarmela.com\/wp-content\/uploads\/2022\/09\/LOGOCANARIO2-36x36.png 36w, https:\/\/casadonacarmela.com\/wp-content\/uploads\/2022\/09\/LOGOCANARIO2.png 672w\" sizes=\"auto, (max-width: 185px) 100vw, 185px\" \/><\/figure>\r\n<\/div>\r\n\r\n\r\n\r\n<p class=\"has-text-align-center\">#yocomprocanario<\/p>\r\n\r\n\r\n\r\n<p>Wir erinnern Sie daran, dass unsere Mission darin besteht, die lokale Wirtschaft zu unterst\u00fctzen. Aus diesem Grund m\u00f6chten wir Ihnen das Privileg bieten, eine Auswahl lokaler K\u00fcnstler, Designer und Handwerker zu treffen. Nach unserer Pr\u00e4misse von Nachhaltigkeit und Verantwortung. Alle Produkte sind Unikate, die aus Schrott stammen.<\/p>\r\n<p>Wir bieten Ihnen auch die M\u00f6glichkeit, die Ateliers unserer K\u00fcnstler zu besuchen, um ein tieferes Wissen dar\u00fcber zu erhalten, was Sie kaufen.<br><br><\/p>\r\n<p style=\"text-align: center;\"><em>Fragen Sie uns nach weiteren Informationen.<\/em><\/p>","protected":false},"excerpt":{"rendered":"<p>NUESTRAS CREENCIAS FUNDAMENTALES Y LOS VALORES M\u00c1S IMPORTANTES \u00bfQui\u00e9nes Somos? Casa Do\u00f1a Carmela es un proyecto piloto que sigue modelos de desarrollo econ\u00f3micos enfocados en la sostenibilidad y al cuidado del Medio Ambiente. Nuestra atenci\u00f3n se dirige hacia la econom\u00eda circular, Km 0, al comercio justo y&nbsp; el respeto a las personas con la ambici\u00f3n [&hellip;]<\/p>\n","protected":false},"author":3,"featured_media":0,"parent":0,"menu_order":0,"comment_status":"closed","ping_status":"closed","template":"","meta":{"_joinchat":[],"footnotes":""},"class_list":["post-1005","page","type-page","status-publish","hentry"],"_links":{"self":[{"href":"https:\/\/casadonacarmela.com\/de\/wp-json\/wp\/v2\/pages\/1005","targetHints":{"allow":["GET"]}}],"collection":[{"href":"https:\/\/casadonacarmela.com\/de\/wp-json\/wp\/v2\/pages"}],"about":[{"href":"https:\/\/casadonacarmela.com\/de\/wp-json\/wp\/v2\/types\/page"}],"author":[{"embeddable":true,"href":"https:\/\/casadonacarmela.com\/de\/wp-json\/wp\/v2\/users\/3"}],"replies":[{"embeddable":true,"href":"https:\/\/casadonacarmela.com\/de\/wp-json\/wp\/v2\/comments?post=1005"}],"version-history":[{"count":1,"href":"https:\/\/casadonacarmela.com\/de\/wp-json\/wp\/v2\/pages\/1005\/revisions"}],"predecessor-version":[{"id":2523,"href":"https:\/\/casadonacarmela.com\/de\/wp-json\/wp\/v2\/pages\/1005\/revisions\/2523"}],"wp:attachment":[{"href":"https:\/\/casadonacarmela.com\/de\/wp-json\/wp\/v2\/media?parent=1005"}],"curies":[{"name":"wp","href":"https:\/\/api.w.org\/{rel}","templated":true}]}}